{"id":112,"date":"2026-02-14T16:43:45","date_gmt":"2026-02-14T21:43:45","guid":{"rendered":"https:\/\/venao-ventures.com\/?page_id=112"},"modified":"2026-03-21T19:26:53","modified_gmt":"2026-03-22T00:26:53","slug":"venao-view","status":"publish","type":"page","link":"https:\/\/venao-ventures.com\/es\/venao-view\/","title":{"rendered":"Venao View"},"content":{"rendered":"<div class=\"wp-block-cover alignfull is-light\" style=\"min-height:1000px;aspect-ratio:unset;\"><video class=\"wp-block-cover__video-background intrinsic-ignore\" autoplay muted loop playsinline src=\"https:\/\/venao-ventures.com\/wp-content\/uploads\/2026\/01\/Hero_Venao-View_v2.mp4\" data-object-fit=\"cover\"><\/video><span aria-hidden=\"true\" class=\"wp-block-cover__background has-background-dim-0 has-background-dim\" style=\"background-color:#FFF\"><\/span><div class=\"wp-block-cover__inner-container is-layout-constrained wp-container-core-cover-is-layout-a099c240 wp-block-cover-is-layout-constrained\"><\/div><\/div>\n\n\n\n<div class=\"wp-block-group alignfull has-text-color has-background has-link-color wp-elements-ddaeb2e73ef3374c3ffdaaf659c92c39 is-layout-constrained wp-block-group-is-layout-constrained\" style=\"color:#012e40;background-color:#f2e9e4\">\n\n\n\n\n<p class=\"has-text-align-center\">Venao View se alza sobre Playa Venao, con vistas al Pac\u00edfico y a las verdes colinas circundantes. Desde cada lote, el paisaje se abre ante nosotros, con el oc\u00e9ano y el horizonte a la vista, acariciados por una suave brisa marina.<\/p>\n\n\n\n<p class=\"has-text-align-center\">El proyecto est\u00e1 rodeado de vegetaci\u00f3n natural y espacios abiertos, con un manantial que lo atraviesa, ofreciendo privacidad y vistas despejadas. Las amplias parcelas permiten una generosa separaci\u00f3n entre las viviendas y constituyen la base para residencias espaciosas y bien dise\u00f1adas.<\/p>\n\n\n\n<p class=\"has-text-align-center\">Inspirado en la arquitectura mediterr\u00e1nea moderna, Venao View fomenta un dise\u00f1o atemporal, l\u00edneas limpias, materiales naturales, terrazas sombreadas y viviendas orientadas hacia la luz y las vistas.<\/p>\n\n\n\n<p class=\"has-text-align-center\">Ubicado en lo alto de la costa, a solo minutos del centro y la playa, Venao View combina altura, escala y ubicaci\u00f3n, creando un entorno ideal para refinadas casas personalizadas en una de las laderas m\u00e1s pintorescas de Playa Venao. Creamos Venao View para quienes desean construir su hogar privado con vistas espectaculares, en lo alto de Playa Venao y a un corto trayecto en auto de toda la actividad.<\/p>\n\n\n\n<div style=\"height:28px\" aria-hidden=\"true\" class=\"wp-block-spacer\"><\/div>\n\n\n\n<div class=\"wp-block-columns is-layout-flex wp-container-core-columns-is-layout-28f84493 wp-block-columns-is-layout-flex\">\n<div class=\"wp-block-column is-layout-constrained wp-container-core-column-is-layout-731c369d wp-block-column-is-layout-constrained\">\n<p class=\"has-text-align-center has-large-font-size\"><strong><strong>Lujo a tu medida<\/strong><\/strong><\/p>\n\n\n\n<p class=\"has-text-align-center\">Venao View es un exclusivo vecindario en la ladera de una colina, ubicado sobre la selva, con vistas a la bah\u00eda de Playa Venao. Las vistas panor\u00e1micas al oc\u00e9ano brindan luz natural y una brisa marina constante. Un exclusivo enclave en la ladera, moldeado por la belleza natural de Playa Venao y dise\u00f1ado para integrarse armoniosamente con su entorno.<\/p>\n<\/div>\n\n\n\n<div class=\"wp-block-column is-layout-flow wp-block-column-is-layout-flow\">\n<figure class=\"wp-block-image aligncenter size-large is-resized\"><img loading=\"lazy\" decoding=\"async\" width=\"1024\" height=\"1024\" src=\"https:\/\/venao-ventures.com\/wp-content\/uploads\/2026\/01\/VW_03-1024x1024.png\" alt=\"\" class=\"wp-image-117\" style=\"object-fit:cover;width:400px;height:400px\" srcset=\"https:\/\/venao-ventures.com\/wp-content\/uploads\/2026\/01\/VW_03-1024x1024.png 1024w, https:\/\/venao-ventures.com\/wp-content\/uploads\/2026\/01\/VW_03-300x300.png 300w, https:\/\/venao-ventures.com\/wp-content\/uploads\/2026\/01\/VW_03-150x150.png 150w, https:\/\/venao-ventures.com\/wp-content\/uploads\/2026\/01\/VW_03-768x768.png 768w, https:\/\/venao-ventures.com\/wp-content\/uploads\/2026\/01\/VW_03-12x12.png 12w, https:\/\/venao-ventures.com\/wp-content\/uploads\/2026\/01\/VW_03.png 1200w\" sizes=\"auto, (max-width: 1024px) 100vw, 1024px\" \/><\/figure>\n<\/div>\n<\/div>\n\n\n\n<div class=\"wp-block-columns is-layout-flex wp-container-core-columns-is-layout-28f84493 wp-block-columns-is-layout-flex\">\n<div class=\"wp-block-column is-layout-constrained wp-container-core-column-is-layout-731c369d wp-block-column-is-layout-constrained\">\n<p class=\"has-text-align-center has-large-font-size\"><strong>Ubicaci\u00f3n<\/strong><\/p>\n\n\n\n<p class=\"has-text-align-center\">Venao View se encuentra en Playa Venao Norte, a menos de cinco minutos en coche de la playa, en una ladera privada con vistas panor\u00e1micas al mar, el cielo y la selva. Un lugar tranquilo, elevado y cerca de todo lo que necesitas.<\/p>\n<\/div>\n\n\n\n<div class=\"wp-block-column is-layout-flow wp-block-column-is-layout-flow\">\n<figure class=\"wp-block-image aligncenter size-large is-resized\"><img loading=\"lazy\" decoding=\"async\" width=\"1024\" height=\"1024\" src=\"https:\/\/venao-ventures.com\/wp-content\/uploads\/2026\/01\/VW_01-1024x1024.png\" alt=\"\" class=\"wp-image-115\" style=\"object-fit:cover;width:400px;height:400px\" srcset=\"https:\/\/venao-ventures.com\/wp-content\/uploads\/2026\/01\/VW_01-1024x1024.png 1024w, https:\/\/venao-ventures.com\/wp-content\/uploads\/2026\/01\/VW_01-300x300.png 300w, https:\/\/venao-ventures.com\/wp-content\/uploads\/2026\/01\/VW_01-150x150.png 150w, https:\/\/venao-ventures.com\/wp-content\/uploads\/2026\/01\/VW_01-768x768.png 768w, https:\/\/venao-ventures.com\/wp-content\/uploads\/2026\/01\/VW_01-12x12.png 12w, https:\/\/venao-ventures.com\/wp-content\/uploads\/2026\/01\/VW_01.png 1200w\" sizes=\"auto, (max-width: 1024px) 100vw, 1024px\" \/><\/figure>\n<\/div>\n<\/div>\n\n\n\n<div class=\"wp-block-columns is-layout-flex wp-container-core-columns-is-layout-28f84493 wp-block-columns-is-layout-flex\">\n<div class=\"wp-block-column is-layout-constrained wp-container-core-column-is-layout-731c369d wp-block-column-is-layout-constrained\">\n<p class=\"has-text-align-center has-large-font-size\"><strong>Bienvenido a Venao View<\/strong><\/p>\n\n\n\n<p class=\"has-text-align-center\">Ubicado en una privilegiada ladera, ofrece vistas panor\u00e1micas entre Playa Venao y la selva circundante. A solo minutos del centro del pueblo, brindando un entorno que se caracteriza por su belleza, privacidad y libertad creativa.<\/p>\n<\/div>\n\n\n\n<div class=\"wp-block-column is-layout-flow wp-block-column-is-layout-flow\">\n<figure class=\"wp-block-image aligncenter size-large is-resized\"><img loading=\"lazy\" decoding=\"async\" width=\"1024\" height=\"1024\" src=\"https:\/\/venao-ventures.com\/wp-content\/uploads\/2026\/01\/VW_TS-1024x1024.png\" alt=\"\" class=\"wp-image-118\" style=\"object-fit:cover;width:400px;height:400px\" srcset=\"https:\/\/venao-ventures.com\/wp-content\/uploads\/2026\/01\/VW_TS-1024x1024.png 1024w, https:\/\/venao-ventures.com\/wp-content\/uploads\/2026\/01\/VW_TS-300x300.png 300w, https:\/\/venao-ventures.com\/wp-content\/uploads\/2026\/01\/VW_TS-150x150.png 150w, https:\/\/venao-ventures.com\/wp-content\/uploads\/2026\/01\/VW_TS-768x768.png 768w, https:\/\/venao-ventures.com\/wp-content\/uploads\/2026\/01\/VW_TS-12x12.png 12w, https:\/\/venao-ventures.com\/wp-content\/uploads\/2026\/01\/VW_TS.png 1200w\" sizes=\"auto, (max-width: 1024px) 100vw, 1024px\" \/><\/figure>\n<\/div>\n<\/div>\n\n\n\n<div class=\"wp-block-columns is-layout-flex wp-container-core-columns-is-layout-28f84493 wp-block-columns-is-layout-flex\">\n<div class=\"wp-block-column is-layout-constrained wp-container-core-column-is-layout-731c369d wp-block-column-is-layout-constrained\">\n<p class=\"has-text-align-center\">Con un n\u00famero limitado de viviendas exclusivas, incluida la emblem\u00e1tica Casa Arco de inspiraci\u00f3n griega, el proyecto est\u00e1 dise\u00f1ado para aquellos que valoran la arquitectura refinada, la privacidad y la libertad de dise\u00f1ar un hogar que refleje su estilo de vida.<\/p>\n\n\n\n<p class=\"has-text-align-center\">Aqu\u00ed, los momentos cotidianos se sienten sencillos y atemporales. Una suave brisa recorre los arcos. Una copa de vino reposa junto a la piscina. La luz del sol brilla sobre el agua. La vida en Venao View se convierte en un ritual de calma y belleza, donde cada d\u00eda fluye con la luz del cielo y el mar.<\/p>\n<\/div>\n\n\n\n<div class=\"wp-block-column is-layout-flow wp-block-column-is-layout-flow\">\n<div class=\"wp-block-uagb-slider uagb-block-3cce5557 uagb-slider-container\"><div class=\"uagb-slides uagb-swiper\"><div class=\"swiper-wrapper\">\n<div class=\"wp-block-uagb-slider-child uagb-slider-child-wrap swiper-slide uagb-block-2e625c85\"><div class=\"swiper-content\">\n<figure class=\"wp-block-image size-large\" style=\"margin-right:var(--wp--preset--spacing--70);margin-left:var(--wp--preset--spacing--70)\"><img loading=\"lazy\" decoding=\"async\" width=\"1024\" height=\"576\" src=\"https:\/\/venao-ventures.com\/wp-content\/uploads\/2026\/01\/enhanced_Imagen1-copy-1024x576.jpg\" alt=\"\" class=\"wp-image-120\" srcset=\"https:\/\/venao-ventures.com\/wp-content\/uploads\/2026\/01\/enhanced_Imagen1-copy-1024x576.jpg 1024w, https:\/\/venao-ventures.com\/wp-content\/uploads\/2026\/01\/enhanced_Imagen1-copy-300x169.jpg 300w, https:\/\/venao-ventures.com\/wp-content\/uploads\/2026\/01\/enhanced_Imagen1-copy-768x432.jpg 768w, https:\/\/venao-ventures.com\/wp-content\/uploads\/2026\/01\/enhanced_Imagen1-copy-1536x864.jpg 1536w, https:\/\/venao-ventures.com\/wp-content\/uploads\/2026\/01\/enhanced_Imagen1-copy-18x10.jpg 18w, https:\/\/venao-ventures.com\/wp-content\/uploads\/2026\/01\/enhanced_Imagen1-copy.jpg 1920w\" sizes=\"auto, (max-width: 1024px) 100vw, 1024px\" \/><\/figure>\n<\/div><\/div>\n\n\n\n<div class=\"wp-block-uagb-slider-child uagb-slider-child-wrap swiper-slide uagb-block-fa9eee55\"><div class=\"swiper-content\">\n<figure class=\"wp-block-image size-large\" style=\"margin-right:var(--wp--preset--spacing--70);margin-left:var(--wp--preset--spacing--70)\"><img loading=\"lazy\" decoding=\"async\" width=\"1024\" height=\"576\" src=\"https:\/\/venao-ventures.com\/wp-content\/uploads\/2026\/01\/enhanced_Imagen2-1-1024x576.png\" alt=\"\" class=\"wp-image-121\" srcset=\"https:\/\/venao-ventures.com\/wp-content\/uploads\/2026\/01\/enhanced_Imagen2-1-1024x576.png 1024w, https:\/\/venao-ventures.com\/wp-content\/uploads\/2026\/01\/enhanced_Imagen2-1-300x169.png 300w, https:\/\/venao-ventures.com\/wp-content\/uploads\/2026\/01\/enhanced_Imagen2-1-768x432.png 768w, https:\/\/venao-ventures.com\/wp-content\/uploads\/2026\/01\/enhanced_Imagen2-1-1536x864.png 1536w, https:\/\/venao-ventures.com\/wp-content\/uploads\/2026\/01\/enhanced_Imagen2-1-18x10.png 18w, https:\/\/venao-ventures.com\/wp-content\/uploads\/2026\/01\/enhanced_Imagen2-1.png 2048w\" sizes=\"auto, (max-width: 1024px) 100vw, 1024px\" \/><\/figure>\n<\/div><\/div>\n\n\n\n<div class=\"wp-block-uagb-slider-child uagb-slider-child-wrap swiper-slide uagb-block-998f9269\"><div class=\"swiper-content\">\n<figure class=\"wp-block-image size-large\" style=\"margin-right:var(--wp--preset--spacing--70);margin-left:var(--wp--preset--spacing--70)\"><img loading=\"lazy\" decoding=\"async\" width=\"1024\" height=\"576\" src=\"https:\/\/venao-ventures.com\/wp-content\/uploads\/2026\/01\/enhanced_Imagen4-1-1024x576.jpg\" alt=\"\" class=\"wp-image-122\" srcset=\"https:\/\/venao-ventures.com\/wp-content\/uploads\/2026\/01\/enhanced_Imagen4-1-1024x576.jpg 1024w, https:\/\/venao-ventures.com\/wp-content\/uploads\/2026\/01\/enhanced_Imagen4-1-300x169.jpg 300w, https:\/\/venao-ventures.com\/wp-content\/uploads\/2026\/01\/enhanced_Imagen4-1-768x432.jpg 768w, https:\/\/venao-ventures.com\/wp-content\/uploads\/2026\/01\/enhanced_Imagen4-1-1536x864.jpg 1536w, https:\/\/venao-ventures.com\/wp-content\/uploads\/2026\/01\/enhanced_Imagen4-1-18x10.jpg 18w, https:\/\/venao-ventures.com\/wp-content\/uploads\/2026\/01\/enhanced_Imagen4-1.jpg 2048w\" sizes=\"auto, (max-width: 1024px) 100vw, 1024px\" \/><\/figure>\n<\/div><\/div>\n\n\n\n<div class=\"wp-block-uagb-slider-child uagb-slider-child-wrap swiper-slide uagb-block-e9d2b09a\"><div class=\"swiper-content\">\n<figure class=\"wp-block-image size-large is-resized\" style=\"margin-right:var(--wp--preset--spacing--70);margin-left:var(--wp--preset--spacing--70)\"><img loading=\"lazy\" decoding=\"async\" width=\"1024\" height=\"576\" src=\"https:\/\/venao-ventures.com\/wp-content\/uploads\/2026\/01\/enhanced_Imagen15_000-1024x576.png\" alt=\"\" class=\"wp-image-126\" style=\"width:491px;height:auto\" srcset=\"https:\/\/venao-ventures.com\/wp-content\/uploads\/2026\/01\/enhanced_Imagen15_000-1024x576.png 1024w, https:\/\/venao-ventures.com\/wp-content\/uploads\/2026\/01\/enhanced_Imagen15_000-300x169.png 300w, https:\/\/venao-ventures.com\/wp-content\/uploads\/2026\/01\/enhanced_Imagen15_000-768x432.png 768w, https:\/\/venao-ventures.com\/wp-content\/uploads\/2026\/01\/enhanced_Imagen15_000-1536x864.png 1536w, https:\/\/venao-ventures.com\/wp-content\/uploads\/2026\/01\/enhanced_Imagen15_000-18x10.png 18w, https:\/\/venao-ventures.com\/wp-content\/uploads\/2026\/01\/enhanced_Imagen15_000.png 2048w\" sizes=\"auto, (max-width: 1024px) 100vw, 1024px\" \/><\/figure>\n<\/div><\/div>\n\n\n\n<div class=\"wp-block-uagb-slider-child uagb-slider-child-wrap swiper-slide uagb-block-fb814427\"><div class=\"swiper-content\">\n<figure class=\"wp-block-image size-large\" style=\"margin-right:var(--wp--preset--spacing--70);margin-left:var(--wp--preset--spacing--70)\"><img loading=\"lazy\" decoding=\"async\" width=\"1024\" height=\"576\" src=\"https:\/\/venao-ventures.com\/wp-content\/uploads\/2026\/01\/enhanced_Imagen13-1024x576.png\" alt=\"\" class=\"wp-image-125\" srcset=\"https:\/\/venao-ventures.com\/wp-content\/uploads\/2026\/01\/enhanced_Imagen13-1024x576.png 1024w, https:\/\/venao-ventures.com\/wp-content\/uploads\/2026\/01\/enhanced_Imagen13-300x169.png 300w, https:\/\/venao-ventures.com\/wp-content\/uploads\/2026\/01\/enhanced_Imagen13-768x432.png 768w, https:\/\/venao-ventures.com\/wp-content\/uploads\/2026\/01\/enhanced_Imagen13-1536x864.png 1536w, https:\/\/venao-ventures.com\/wp-content\/uploads\/2026\/01\/enhanced_Imagen13-18x10.png 18w, https:\/\/venao-ventures.com\/wp-content\/uploads\/2026\/01\/enhanced_Imagen13.png 2048w\" sizes=\"auto, (max-width: 1024px) 100vw, 1024px\" \/><\/figure>\n<\/div><\/div>\n\n\n\n<div class=\"wp-block-uagb-slider-child uagb-slider-child-wrap swiper-slide uagb-block-56795be6\"><div class=\"swiper-content\">\n<figure class=\"wp-block-image size-large\" style=\"margin-right:var(--wp--preset--spacing--70);margin-left:var(--wp--preset--spacing--70)\"><img loading=\"lazy\" decoding=\"async\" width=\"1024\" height=\"576\" src=\"https:\/\/venao-ventures.com\/wp-content\/uploads\/2026\/01\/Imagen18-enhanced-1024x576.jpg\" alt=\"\" class=\"wp-image-127\" srcset=\"https:\/\/venao-ventures.com\/wp-content\/uploads\/2026\/01\/Imagen18-enhanced-1024x576.jpg 1024w, https:\/\/venao-ventures.com\/wp-content\/uploads\/2026\/01\/Imagen18-enhanced-300x169.jpg 300w, https:\/\/venao-ventures.com\/wp-content\/uploads\/2026\/01\/Imagen18-enhanced-768x432.jpg 768w, https:\/\/venao-ventures.com\/wp-content\/uploads\/2026\/01\/Imagen18-enhanced-1536x864.jpg 1536w, https:\/\/venao-ventures.com\/wp-content\/uploads\/2026\/01\/Imagen18-enhanced-18x10.jpg 18w, https:\/\/venao-ventures.com\/wp-content\/uploads\/2026\/01\/Imagen18-enhanced.jpg 1920w\" sizes=\"auto, (max-width: 1024px) 100vw, 1024px\" \/><\/figure>\n<\/div><\/div>\n\n\n\n<div class=\"wp-block-uagb-slider-child uagb-slider-child-wrap swiper-slide uagb-block-baec8f97\"><div class=\"swiper-content\">\n<figure class=\"wp-block-image size-large\" style=\"margin-right:var(--wp--preset--spacing--70);margin-left:var(--wp--preset--spacing--70)\"><img loading=\"lazy\" decoding=\"async\" width=\"1024\" height=\"576\" src=\"https:\/\/venao-ventures.com\/wp-content\/uploads\/2026\/01\/enhanced_Imagen2-1-1024x576.png\" alt=\"\" class=\"wp-image-121\" srcset=\"https:\/\/venao-ventures.com\/wp-content\/uploads\/2026\/01\/enhanced_Imagen2-1-1024x576.png 1024w, https:\/\/venao-ventures.com\/wp-content\/uploads\/2026\/01\/enhanced_Imagen2-1-300x169.png 300w, https:\/\/venao-ventures.com\/wp-content\/uploads\/2026\/01\/enhanced_Imagen2-1-768x432.png 768w, https:\/\/venao-ventures.com\/wp-content\/uploads\/2026\/01\/enhanced_Imagen2-1-1536x864.png 1536w, https:\/\/venao-ventures.com\/wp-content\/uploads\/2026\/01\/enhanced_Imagen2-1-18x10.png 18w, https:\/\/venao-ventures.com\/wp-content\/uploads\/2026\/01\/enhanced_Imagen2-1.png 2048w\" sizes=\"auto, (max-width: 1024px) 100vw, 1024px\" \/><\/figure>\n<\/div><\/div>\n\n\n\n<div class=\"wp-block-uagb-slider-child uagb-slider-child-wrap swiper-slide uagb-block-99ad886b\"><div class=\"swiper-content\">\n<div class=\"wp-block-uagb-image uagb-block-17900cec wp-block-uagb-image--layout-default wp-block-uagb-image--effect-static wp-block-uagb-image--align-none\"><figure class=\"wp-block-uagb-image__figure\"><img decoding=\"async\" srcset=\"https:\/\/venao-ventures.com\/wp-content\/uploads\/2026\/01\/enhanced_Image21-1.png ,https:\/\/venao-ventures.com\/wp-content\/uploads\/2026\/01\/enhanced_Image21-1.png 780w, https:\/\/venao-ventures.com\/wp-content\/uploads\/2026\/01\/enhanced_Image21-1.png 360w\" sizes=\"auto, (max-width: 480px) 150px\" src=\"https:\/\/venao-ventures.com\/wp-content\/uploads\/2026\/01\/enhanced_Image21-1.png\" alt=\"\" class=\"uag-image-119\" width=\"400\" height=\"400\" title=\"enhanced_Image21 (1)\" loading=\"lazy\" role=\"img\"\/><\/figure><\/div>\n<\/div><\/div>\n<\/div><\/div><div class=\"swiper-pagination\"><\/div><div class=\"swiper-button-prev\"><\/div><div class=\"swiper-button-next\"><\/div><\/div>\n<\/div>\n<\/div>\n\n\n\n<div class=\"wp-block-columns is-layout-flex wp-container-core-columns-is-layout-28f84493 wp-block-columns-is-layout-flex\">\n<div class=\"wp-block-column is-layout-constrained wp-container-core-column-is-layout-731c369d wp-block-column-is-layout-constrained\">\n<p class=\"has-text-align-center has-large-font-size\"><strong><strong>Puntos Clave<\/strong><\/strong><\/p>\n\n\n\n<p class=\"has-text-align-center\"><strong>Ubicaci\u00f3n<br><\/strong>&nbsp;Playa Venao Norte<br>&nbsp;A cinco minutos en coche de la playa y del centro del pueblo.<br>&nbsp;Entorno privado en la ladera<br>&nbsp;Elevado con vistas panor\u00e1micas al mar, al cielo y a la selva.<\/p>\n\n\n\n<p class=\"has-text-align-center\"><strong>Paisaje<br><\/strong>&nbsp;Amplias vistas al Pac\u00edfico desde cada lote.<br>&nbsp;Colinas verdes onduladas y horizonte abierto<br>&nbsp;Brisa marina constantes<br>Rodeado de vegetaci\u00f3n natural y espacios abiertos, y con privacidad y vistas despejadas.<\/p>\n\n\n\n<p class=\"has-text-align-center\"><strong>Arquitectura y Dise\u00f1o<br><\/strong>&nbsp;Desarrollo de laderas<br>&nbsp;Lenguaje de dise\u00f1o de inspiraci\u00f3n tropical moderna<br>&nbsp;L\u00edneas depuradas, materiales naturales y terrazas sombreadas.<br> Viviendas orientadas hacia la luz y las vistas.<br>&nbsp;Grandes parcelas que permiten la construcci\u00f3n de viviendas de gran tama\u00f1o.<br>&nbsp;Signature Casa Arco (modelo de inspiraci\u00f3n griega)<\/p>\n\n\n\n<p class=\"has-text-align-center\"><strong>Estilo de vida<br><\/strong>&nbsp;Elevaci\u00f3n tranquila sobre la costa<br>&nbsp;Cerca de la playa y con mucha energ\u00eda del pueblo.<br>&nbsp;Espacio para casas personalizadas y refinadas<br>&nbsp;Orientaci\u00f3n hacia el atardecer<\/p>\n\n\n\n<p class=\"has-text-align-center\"><strong>Posicionamiento<br><\/strong>&nbsp;Una combinaci\u00f3n excepcional de privacidad, dise\u00f1o y ubicaci\u00f3n.<br>Dise\u00f1o boutique a escala con un n\u00famero limitado de viviendas exclusivas.<br>&nbsp;Para compradores que buscan calidad arquitect\u00f3nica y valor a largo plazo.<br><\/p>\n<\/div>\n\n\n\n<div class=\"wp-block-column is-layout-flow wp-block-column-is-layout-flow\" style=\"padding-top:var(--wp--preset--spacing--80);padding-bottom:var(--wp--preset--spacing--80)\">\n<figure class=\"wp-block-image aligncenter size-large is-resized\" style=\"margin-top:var(--wp--preset--spacing--80);margin-bottom:var(--wp--preset--spacing--80)\"><img loading=\"lazy\" decoding=\"async\" width=\"1024\" height=\"1024\" src=\"https:\/\/venao-ventures.com\/wp-content\/uploads\/2026\/01\/VW_02-1024x1024.png\" alt=\"\" class=\"wp-image-116\" style=\"object-fit:cover;width:400px;height:400px\" srcset=\"https:\/\/venao-ventures.com\/wp-content\/uploads\/2026\/01\/VW_02-1024x1024.png 1024w, https:\/\/venao-ventures.com\/wp-content\/uploads\/2026\/01\/VW_02-300x300.png 300w, https:\/\/venao-ventures.com\/wp-content\/uploads\/2026\/01\/VW_02-150x150.png 150w, https:\/\/venao-ventures.com\/wp-content\/uploads\/2026\/01\/VW_02-768x768.png 768w, https:\/\/venao-ventures.com\/wp-content\/uploads\/2026\/01\/VW_02-12x12.png 12w, https:\/\/venao-ventures.com\/wp-content\/uploads\/2026\/01\/VW_02.png 1200w\" sizes=\"auto, (max-width: 1024px) 100vw, 1024px\" \/><\/figure>\n<\/div>\n<\/div>\n<\/div>\n\n\n\n<p><\/p>","protected":false},"excerpt":{"rendered":"<p>Ca\u00f1as del Sol is for those who have already chosen a slower, more intentional way of living. It\u2019s for people [&hellip;]<\/p>","protected":false},"author":1,"featured_media":0,"parent":0,"menu_order":0,"comment_status":"closed","ping_status":"closed","template":"","meta":{"_uag_custom_page_level_css":"","site-sidebar-layout":"default","site-content-layout":"","ast-site-content-layout":"default","site-content-style":"unboxed","site-sidebar-style":"unboxed","ast-global-header-display":"","ast-banner-title-visibility":"","ast-main-header-display":"","ast-hfb-above-header-display":"","ast-hfb-below-header-display":"","ast-hfb-mobile-header-display":"","site-post-title":"disabled","ast-breadcrumbs-content":"","ast-featured-img":"","footer-sml-layout":"","ast-disable-related-posts":"","theme-transparent-header-meta":"","adv-header-id-meta":"","stick-header-meta":"","header-above-stick-meta":"","header-main-stick-meta":"","header-below-stick-meta":"","astra-migrate-meta-layouts":"default","ast-page-background-enabled":"default","ast-page-background-meta":{"desktop":{"background-color":"var(--ast-global-color-5)","background-image":"","background-repeat":"repeat","background-position":"center center","background-size":"auto","background-attachment":"scroll","background-type":"","background-media":"","overlay-type":"","overlay-color":"","overlay-opacity":"","overlay-gradient":""},"tablet":{"background-color":"","background-image":"","background-repeat":"repeat","background-position":"center center","background-size":"auto","background-attachment":"scroll","background-type":"","background-media":"","overlay-type":"","overlay-color":"","overlay-opacity":"","overlay-gradient":""},"mobile":{"background-color":"","background-image":"","background-repeat":"repeat","background-position":"center center","background-size":"auto","background-attachment":"scroll","background-type":"","background-media":"","overlay-type":"","overlay-color":"","overlay-opacity":"","overlay-gradient":""}},"ast-content-background-meta":{"desktop":{"background-color":"var(--ast-global-color-4)","background-image":"","background-repeat":"repeat","background-position":"center center","background-size":"auto","background-attachment":"scroll","background-type":"","background-media":"","overlay-type":"","overlay-color":"","overlay-opacity":"","overlay-gradient":""},"tablet":{"background-color":"var(--ast-global-color-4)","background-image":"","background-repeat":"repeat","background-position":"center center","background-size":"auto","background-attachment":"scroll","background-type":"","background-media":"","overlay-type":"","overlay-color":"","overlay-opacity":"","overlay-gradient":""},"mobile":{"background-color":"var(--ast-global-color-4)","background-image":"","background-repeat":"repeat","background-position":"center center","background-size":"auto","background-attachment":"scroll","background-type":"","background-media":"","overlay-type":"","overlay-color":"","overlay-opacity":"","overlay-gradient":""}},"footnotes":""},"class_list":["post-112","page","type-page","status-publish","hentry"],"_hostinger_reach_plugin_has_subscription_block":false,"_hostinger_reach_plugin_is_elementor":false,"uagb_featured_image_src":{"full":false,"thumbnail":false,"medium":false,"medium_large":false,"large":false,"1536x1536":false,"2048x2048":false,"trp-custom-language-flag":false},"uagb_author_info":{"display_name":"marketingdigital@venaoventure.com","author_link":"https:\/\/venao-ventures.com\/es\/author\/marketingdigitalvenaoventure-com\/"},"uagb_comment_info":0,"uagb_excerpt":"Ca\u00f1as del Sol is for those who have already chosen a slower, more intentional way of living. It\u2019s for people [&hellip;]","_links":{"self":[{"href":"https:\/\/venao-ventures.com\/es\/wp-json\/wp\/v2\/pages\/112","targetHints":{"allow":["GET"]}}],"collection":[{"href":"https:\/\/venao-ventures.com\/es\/wp-json\/wp\/v2\/pages"}],"about":[{"href":"https:\/\/venao-ventures.com\/es\/wp-json\/wp\/v2\/types\/page"}],"author":[{"embeddable":true,"href":"https:\/\/venao-ventures.com\/es\/wp-json\/wp\/v2\/users\/1"}],"replies":[{"embeddable":true,"href":"https:\/\/venao-ventures.com\/es\/wp-json\/wp\/v2\/comments?post=112"}],"version-history":[{"count":12,"href":"https:\/\/venao-ventures.com\/es\/wp-json\/wp\/v2\/pages\/112\/revisions"}],"predecessor-version":[{"id":451,"href":"https:\/\/venao-ventures.com\/es\/wp-json\/wp\/v2\/pages\/112\/revisions\/451"}],"wp:attachment":[{"href":"https:\/\/venao-ventures.com\/es\/wp-json\/wp\/v2\/media?parent=112"}],"curies":[{"name":"wp","href":"https:\/\/api.w.org\/{rel}","templated":true}]}}