{"id":12,"date":"2026-02-02T22:32:31","date_gmt":"2026-02-03T03:32:31","guid":{"rendered":"https:\/\/venao-ventures.com\/?page_id=12"},"modified":"2026-03-21T20:28:53","modified_gmt":"2026-03-22T01:28:53","slug":"canas-del-sol","status":"publish","type":"page","link":"https:\/\/venao-ventures.com\/es\/canas-del-sol\/","title":{"rendered":"Ca\u00f1as del sol"},"content":{"rendered":"<div class=\"wp-block-cover alignfull is-light\" style=\"min-height:854px;aspect-ratio:unset;\"><video class=\"wp-block-cover__video-background intrinsic-ignore\" autoplay muted loop playsinline src=\"https:\/\/venao-ventures.com\/wp-content\/uploads\/2026\/01\/Hero_Canas-Del-Sol_v2.mp4\" data-object-fit=\"cover\"><\/video><span aria-hidden=\"true\" class=\"wp-block-cover__background has-background-dim-0 has-background-dim\" style=\"background-color:#FFF\"><\/span><div class=\"wp-block-cover__inner-container is-layout-constrained wp-container-core-cover-is-layout-a099c240 wp-block-cover-is-layout-constrained\"><\/div><\/div>\n\n\n\n<div class=\"wp-block-group alignfull has-text-color has-background has-link-color wp-elements-41e024823dbd226eff4bf9801ecf0b95 is-layout-constrained wp-block-group-is-layout-constrained\" style=\"color:#012e40;background-color:#f2e9e4\">\n\n\n\n\n<p class=\"justify-text\">Ca\u00f1as del Sol es para quienes disfrutan caminar descalzos en la naturaleza y sentir una profunda conexi\u00f3n con la tierra. Un lugar para quienes buscan un estilo de vida m\u00e1s tranquilo y privado, a poca distancia de Playa Venao. Los lotes ofrecen amplios espacios con una espectacular combinaci\u00f3n de vistas al oc\u00e9ano y exuberantes colinas selv\u00e1ticas, con generosas dimensiones que permiten a cada propietario crear un hogar que refleje su visi\u00f3n.<\/p>\n\n\n\n<p>Ca\u00f1as del Sol es una joya escondida en plena naturaleza, situada a 60 metros sobre el nivel del mar y con vistas panor\u00e1micas al oc\u00e9ano de Playa Raya. Rodeado de selva, monos, aves y fauna aut\u00f3ctona, el paisaje rebosa vida, como un paraje natural virgen.<\/p>\n\n\n\n<p>Basado en s\u00f3lidos valores ecol\u00f3gicos y una visi\u00f3n a largo plazo de la sostenibilidad, el proyecto combina la responsabilidad ambiental con la innovaci\u00f3n reflexiva. Lo creamos para quienes buscan alejarse del ritmo fren\u00e9tico de la vida moderna, un ritmo m\u00e1s pausado, una conexi\u00f3n m\u00e1s profunda con la naturaleza y un estilo de vida m\u00e1s sostenible sin renunciar a la calidad.<\/p>\n\n\n\n<div class=\"wp-block-columns is-layout-flex wp-container-core-columns-is-layout-28f84493 wp-block-columns-is-layout-flex\">\n<div class=\"wp-block-column is-layout-constrained wp-container-core-column-is-layout-1d3ae1b3 wp-block-column-is-layout-constrained\" style=\"border-style:none;border-width:0px;border-top-left-radius:0px;border-top-right-radius:0px;border-bottom-left-radius:0px;border-bottom-right-radius:0px;padding-top:0;padding-right:0;padding-bottom:0;padding-left:0\">\n<p class=\"has-text-align-center has-large-font-size\"><strong>Ubicaci\u00f3n<\/strong><\/p>\n\n\n\n<p class=\"has-text-align-center\"><br>Ubicada en las tranquilas colinas sobre Ca\u00f1as, con vistas a las olas de Playa Raya y a pocos minutos de Playa Venao, en la provincia de Los Santos, Panam\u00e1. Elevada y privada, la propiedad se abre a la brisa marina y ofrece amplias vistas naturales.<\/p>\n<\/div>\n\n\n\n<div class=\"wp-block-column is-layout-constrained wp-block-column-is-layout-constrained\"><\/div>\n<\/div>\n\n\n\n<div class=\"wp-block-columns is-layout-flex wp-container-core-columns-is-layout-28f84493 wp-block-columns-is-layout-flex\">\n<div class=\"wp-block-column is-content-justification-center is-layout-constrained wp-container-core-column-is-layout-4f8bfad2 wp-block-column-is-layout-constrained\">\n<p class=\"has-text-align-center has-large-font-size\"><strong>Bienvenido a<\/strong><\/p>\n\n\n\n<p class=\"has-text-align-center\">Con 60 lotes disponibles, cada parcela ofrece un amplio espacio para adoptar un estilo de vida de permacultura, construir a tu propio ritmo y crear una vida con prop\u00f3sito. Una oportunidad para ser propietario de un terreno de una manera m\u00e1s conectada con la tierra, m\u00e1s intencional y alineada con tu visi\u00f3n. Tambi\u00e9n se ofrece financiamiento.<\/p>\n\n\n\n<p><\/p>\n<\/div>\n\n\n\n<div class=\"wp-block-column is-layout-flow wp-block-column-is-layout-flow\">\n<figure class=\"wp-block-image aligncenter size-large\"><img loading=\"lazy\" decoding=\"async\" width=\"1024\" height=\"1024\" src=\"https:\/\/venao-ventures.com\/wp-content\/uploads\/2026\/01\/CDS_MP-1024x1024.png\" alt=\"\" class=\"wp-image-52\" style=\"object-fit:cover\" srcset=\"https:\/\/venao-ventures.com\/wp-content\/uploads\/2026\/01\/CDS_MP-1024x1024.png 1024w, https:\/\/venao-ventures.com\/wp-content\/uploads\/2026\/01\/CDS_MP-300x300.png 300w, https:\/\/venao-ventures.com\/wp-content\/uploads\/2026\/01\/CDS_MP-150x150.png 150w, https:\/\/venao-ventures.com\/wp-content\/uploads\/2026\/01\/CDS_MP-768x768.png 768w, https:\/\/venao-ventures.com\/wp-content\/uploads\/2026\/01\/CDS_MP-12x12.png 12w, https:\/\/venao-ventures.com\/wp-content\/uploads\/2026\/01\/CDS_MP.png 1200w\" sizes=\"auto, (max-width: 1024px) 100vw, 1024px\" \/><\/figure>\n<\/div>\n<\/div>\n\n\n\n<div class=\"wp-block-columns is-layout-flex wp-container-core-columns-is-layout-28f84493 wp-block-columns-is-layout-flex\">\n<div class=\"wp-block-column is-layout-constrained wp-container-core-column-is-layout-731c369d wp-block-column-is-layout-constrained\">\n<p class=\"has-text-align-center has-large-font-size\"><strong>Puntos Clave<\/strong><\/p>\n\n\n\n<p class=\"has-text-align-center\"><strong>Ubicaci\u00f3n<br><\/strong>&nbsp;Colinas sobre Ca\u00f1as<br>&nbsp;Cerca de Playa Raya y Playa Venao<br>&nbsp;Provincia de Los Santos, Panama<br>&nbsp;Aproximadamente a 200 pies sobre el nivel del mar.<\/p>\n\n\n\n<p class=\"has-text-align-center\"><strong>Paisaje<br><\/strong>&nbsp;Amplias vistas al mar<br>&nbsp;Entorno selv\u00e1tico con fauna aut\u00f3ctona<br>&nbsp;Brisa marina constantes<br>&nbsp;140 hect\u00e1reas de tierra f\u00e9rtil<\/p>\n\n\n\n<p class=\"has-text-align-center\"><strong>Vision<br><\/strong>&nbsp;Dise\u00f1ado en di\u00e1logo con el terreno.<br>&nbsp;Ecol\u00f3gico y con visi\u00f3n de futuro.<br>&nbsp;Construido para vivir a largo plazo.<\/p>\n\n\n\n<p class=\"has-text-align-center\"><strong>Estilo de vida<br><\/strong>&nbsp;Tranquilo y privado<br>&nbsp;Espacio para crecer y construir gradualmente<br>&nbsp;Espacio para crecer y construir gradualmente<br>&nbsp;Estilo de vida arraigado e intencional<br>&nbsp;Diversos residentes internacionales(masculino)<\/p>\n\n\n\n<p class=\"has-text-align-center\"><strong>Oportunidad<br><\/strong>&nbsp;Actualmente hay 60 lotes disponibles.<br>&nbsp;Parcelas grandes y espaciosas con espacio para crear<br>&nbsp;Precios accesibles con financiaciamiento.<br>&nbsp;Parte de la visi\u00f3n de Venao Ventures<\/p>\n\n\n\n<p><\/p>\n<\/div>\n\n\n\n<div class=\"wp-block-column is-layout-flow wp-block-column-is-layout-flow\" style=\"padding-top:var(--wp--preset--spacing--80);padding-bottom:var(--wp--preset--spacing--80)\">\n<figure class=\"wp-block-image aligncenter size-large has-custom-border\" style=\"margin-top:var(--wp--preset--spacing--80);margin-bottom:var(--wp--preset--spacing--80)\"><img loading=\"lazy\" decoding=\"async\" width=\"1024\" height=\"1024\" src=\"https:\/\/venao-ventures.com\/wp-content\/uploads\/2026\/01\/CDS_02-1024x1024.png\" alt=\"\" class=\"wp-image-50\" style=\"border-style:none;border-width:0px;border-top-left-radius:0px;border-top-right-radius:0px;border-bottom-left-radius:0px;border-bottom-right-radius:0px;object-fit:cover\" srcset=\"https:\/\/venao-ventures.com\/wp-content\/uploads\/2026\/01\/CDS_02-1024x1024.png 1024w, https:\/\/venao-ventures.com\/wp-content\/uploads\/2026\/01\/CDS_02-300x300.png 300w, https:\/\/venao-ventures.com\/wp-content\/uploads\/2026\/01\/CDS_02-150x150.png 150w, https:\/\/venao-ventures.com\/wp-content\/uploads\/2026\/01\/CDS_02-768x768.png 768w, https:\/\/venao-ventures.com\/wp-content\/uploads\/2026\/01\/CDS_02-12x12.png 12w, https:\/\/venao-ventures.com\/wp-content\/uploads\/2026\/01\/CDS_02.png 1200w\" sizes=\"auto, (max-width: 1024px) 100vw, 1024px\" \/><\/figure>\n<\/div>\n<\/div>\n<\/div>\n\n\n\n<p><\/p>","protected":false},"excerpt":{"rendered":"<p>Ca\u00f1as del Sol is for those who have already chosen a slower, more intentional way of living. It\u2019s for people [&hellip;]<\/p>","protected":false},"author":1,"featured_media":0,"parent":0,"menu_order":0,"comment_status":"closed","ping_status":"closed","template":"","meta":{"_uag_custom_page_level_css":"","site-sidebar-layout":"default","site-content-layout":"","ast-site-content-layout":"default","site-content-style":"unboxed","site-sidebar-style":"unboxed","ast-global-header-display":"","ast-banner-title-visibility":"","ast-main-header-display":"","ast-hfb-above-header-display":"","ast-hfb-below-header-display":"","ast-hfb-mobile-header-display":"","site-post-title":"disabled","ast-breadcrumbs-content":"","ast-featured-img":"","footer-sml-layout":"","ast-disable-related-posts":"","theme-transparent-header-meta":"","adv-header-id-meta":"","stick-header-meta":"","header-above-stick-meta":"","header-main-stick-meta":"","header-below-stick-meta":"","astra-migrate-meta-layouts":"default","ast-page-background-enabled":"default","ast-page-background-meta":{"desktop":{"background-color":"var(--ast-global-color-5)","background-image":"","background-repeat":"repeat","background-position":"center center","background-size":"auto","background-attachment":"scroll","background-type":"","background-media":"","overlay-type":"","overlay-color":"","overlay-opacity":"","overlay-gradient":""},"tablet":{"background-color":"","background-image":"","background-repeat":"repeat","background-position":"center center","background-size":"auto","background-attachment":"scroll","background-type":"","background-media":"","overlay-type":"","overlay-color":"","overlay-opacity":"","overlay-gradient":""},"mobile":{"background-color":"","background-image":"","background-repeat":"repeat","background-position":"center center","background-size":"auto","background-attachment":"scroll","background-type":"","background-media":"","overlay-type":"","overlay-color":"","overlay-opacity":"","overlay-gradient":""}},"ast-content-background-meta":{"desktop":{"background-color":"var(--ast-global-color-4)","background-image":"","background-repeat":"repeat","background-position":"center center","background-size":"auto","background-attachment":"scroll","background-type":"","background-media":"","overlay-type":"","overlay-color":"","overlay-opacity":"","overlay-gradient":""},"tablet":{"background-color":"var(--ast-global-color-4)","background-image":"","background-repeat":"repeat","background-position":"center center","background-size":"auto","background-attachment":"scroll","background-type":"","background-media":"","overlay-type":"","overlay-color":"","overlay-opacity":"","overlay-gradient":""},"mobile":{"background-color":"var(--ast-global-color-4)","background-image":"","background-repeat":"repeat","background-position":"center center","background-size":"auto","background-attachment":"scroll","background-type":"","background-media":"","overlay-type":"","overlay-color":"","overlay-opacity":"","overlay-gradient":""}},"footnotes":""},"class_list":["post-12","page","type-page","status-publish","hentry"],"_hostinger_reach_plugin_has_subscription_block":false,"_hostinger_reach_plugin_is_elementor":false,"uagb_featured_image_src":{"full":false,"thumbnail":false,"medium":false,"medium_large":false,"large":false,"1536x1536":false,"2048x2048":false,"trp-custom-language-flag":false},"uagb_author_info":{"display_name":"marketingdigital@venaoventure.com","author_link":"https:\/\/venao-ventures.com\/es\/author\/marketingdigitalvenaoventure-com\/"},"uagb_comment_info":0,"uagb_excerpt":"Ca\u00f1as del Sol is for those who have already chosen a slower, more intentional way of living. It\u2019s for people [&hellip;]","_links":{"self":[{"href":"https:\/\/venao-ventures.com\/es\/wp-json\/wp\/v2\/pages\/12","targetHints":{"allow":["GET"]}}],"collection":[{"href":"https:\/\/venao-ventures.com\/es\/wp-json\/wp\/v2\/pages"}],"about":[{"href":"https:\/\/venao-ventures.com\/es\/wp-json\/wp\/v2\/types\/page"}],"author":[{"embeddable":true,"href":"https:\/\/venao-ventures.com\/es\/wp-json\/wp\/v2\/users\/1"}],"replies":[{"embeddable":true,"href":"https:\/\/venao-ventures.com\/es\/wp-json\/wp\/v2\/comments?post=12"}],"version-history":[{"count":38,"href":"https:\/\/venao-ventures.com\/es\/wp-json\/wp\/v2\/pages\/12\/revisions"}],"predecessor-version":[{"id":468,"href":"https:\/\/venao-ventures.com\/es\/wp-json\/wp\/v2\/pages\/12\/revisions\/468"}],"wp:attachment":[{"href":"https:\/\/venao-ventures.com\/es\/wp-json\/wp\/v2\/media?parent=12"}],"curies":[{"name":"wp","href":"https:\/\/api.w.org\/{rel}","templated":true}]}}