{"id":149,"date":"2026-02-14T17:12:17","date_gmt":"2026-02-14T22:12:17","guid":{"rendered":"https:\/\/venao-ventures.com\/?page_id=149"},"modified":"2026-05-02T15:52:00","modified_gmt":"2026-05-02T20:52:00","slug":"former-projects","status":"publish","type":"page","link":"https:\/\/venao-ventures.com\/es\/former-projects\/","title":{"rendered":"Our Portfolio"},"content":{"rendered":"<div class=\"wp-block-group alignfull has-text-color has-background has-link-color wp-elements-35279ccc1bd38b5d6fedf18bab4f16ef is-layout-constrained wp-block-group-is-layout-constrained\" style=\"color:#012e40;background-color:#f2e9e4\">\n\n\n<p class=\"has-text-align-center has-medium-font-size\"><strong>Our Portfolio<\/strong><\/p>\n\n\n\n<div style=\"height:100px\" aria-hidden=\"true\" class=\"wp-block-spacer\"><\/div>\n\n\n\n<div class=\"wp-block-columns is-layout-flex wp-container-core-columns-is-layout-28f84493 wp-block-columns-is-layout-flex\">\n<div class=\"wp-block-column is-layout-flow wp-block-column-is-layout-flow\">\n<p class=\"has-text-align-center has-large-font-size\"><strong>Villa del Mar<\/strong><\/p>\n\n\n\n<p class=\"has-text-align-center\">Villa del Mar se caracteriza por la luz, la amplitud y una discreta elegancia.<\/p>\n\n\n\n<p class=\"has-text-align-center\">Caracterizada por sus tonos blancos y su dise\u00f1o di\u00e1fano, la vivienda est\u00e1 concebida para integrarse plenamente en el entorno de Playa Venao, donde las vistas al oc\u00e9ano, la luz natural y el aire fresco forman parte de la experiencia de vivir en ella.<\/p>\n\n\n\n<p class=\"has-text-align-center\">Esta residencia de dos plantas ofrece cuatro dormitorios, vistas panor\u00e1micas a Playa Venao y acogedores espacios sociales que incluyen piscina y zona de barbacoa, dise\u00f1ados para disfrutar de una vida costera sin complicaciones. Una escalera flotante con iluminaci\u00f3n integrada aporta un toque de dise\u00f1o sutil, a\u00f1adiendo profundidad y continuidad al espacio.<\/p>\n\n\n\n<p class=\"has-text-align-center\">La vivienda combina comodidad y refinamiento a trav\u00e9s de detalles cuidadosamente pensados, creando una atm\u00f3sfera que resulta a la vez sofisticada y relajada.<\/p>\n\n\n\n<p class=\"has-text-align-center\">Villa del Mar es m\u00e1s que una residencia; es un lugar donde la sencillez de la vida en la playa se une a un estilo de vida refinado y contempor\u00e1neo.<\/p>\n<\/div>\n\n\n\n<div class=\"wp-block-column is-layout-flow wp-block-column-is-layout-flow\">\n<figure class=\"wp-block-image aligncenter size-large\"><img loading=\"lazy\" decoding=\"async\" width=\"1024\" height=\"1024\" src=\"https:\/\/venao-ventures.com\/wp-content\/uploads\/2026\/02\/VDM-1024x1024.png\" alt=\"\" class=\"wp-image-161\" style=\"object-fit:cover\" srcset=\"https:\/\/venao-ventures.com\/wp-content\/uploads\/2026\/02\/VDM-1024x1024.png 1024w, https:\/\/venao-ventures.com\/wp-content\/uploads\/2026\/02\/VDM-300x300.png 300w, https:\/\/venao-ventures.com\/wp-content\/uploads\/2026\/02\/VDM-150x150.png 150w, https:\/\/venao-ventures.com\/wp-content\/uploads\/2026\/02\/VDM-768x768.png 768w, https:\/\/venao-ventures.com\/wp-content\/uploads\/2026\/02\/VDM-12x12.png 12w, https:\/\/venao-ventures.com\/wp-content\/uploads\/2026\/02\/VDM.png 1200w\" sizes=\"auto, (max-width: 1024px) 100vw, 1024px\" \/><\/figure>\n<\/div>\n<\/div>\n\n\n\n<div class=\"wp-block-columns is-layout-flex wp-container-core-columns-is-layout-28f84493 wp-block-columns-is-layout-flex\">\n<div class=\"wp-block-column is-layout-flow wp-block-column-is-layout-flow\">\n<p class=\"has-text-align-center has-large-font-size\"><strong>Duplex &#8211; Villa Colibri<\/strong><\/p>\n\n\n\n<p class=\"has-text-align-center\">Villa Colibr\u00ed se inspira en la serena belleza de la naturaleza y en el delicado equilibrio entre los momentos compartidos y el espacio personal.<\/p>\n\n\n\n<p class=\"has-text-align-center\">Dise\u00f1ada como un d\u00faplex vers\u00e1til, ofrece dos residencias independientes de tres dormitorios que pueden disfrutarse como una amplia casa de seis dormitorios o como espacios privados separados, ideales para familias que valoran tanto la convivencia como la privacidad.<\/p>\n\n\n\n<p class=\"has-text-align-center\">Rodeada de exuberante vegetaci\u00f3n, paisajes monta\u00f1osos y vistas que se extienden hacia Playa Venao, la casa se integra armoniosamente con su entorno. Rincones cuidadosamente dise\u00f1ados invitan a momentos de pausa: acogedores rincones de lectura, espacios ajardinados y \u00e1reas creadas para el descanso y la reflexi\u00f3n.<\/p>\n\n\n\n<p class=\"has-text-align-center\">Los elementos naturales se integran armoniosamente en toda la propiedad, con abundante vegetaci\u00f3n y un jard\u00edn sereno que realza la sensaci\u00f3n de calma y conexi\u00f3n con el exterior.<\/p>\n\n\n\n<p class=\"has-text-align-center\">Villa Colibr\u00ed es un lugar para bajar el ritmo, reconectar y experimentar una forma de vida m\u00e1s suave y relajada donde la comodidad, la naturaleza y el dise\u00f1o se sienten naturales y en armon\u00eda.<\/p>\n<\/div>\n\n\n\n<div class=\"wp-block-column is-layout-flow wp-block-column-is-layout-flow\">\n<figure class=\"wp-block-image aligncenter size-large\" style=\"margin-top:var(--wp--preset--spacing--70);margin-bottom:var(--wp--preset--spacing--70)\"><img loading=\"lazy\" decoding=\"async\" width=\"1024\" height=\"1024\" src=\"https:\/\/venao-ventures.com\/wp-content\/uploads\/2026\/02\/VC-1024x1024.png\" alt=\"\" class=\"wp-image-160\" style=\"object-fit:cover\" srcset=\"https:\/\/venao-ventures.com\/wp-content\/uploads\/2026\/02\/VC-1024x1024.png 1024w, https:\/\/venao-ventures.com\/wp-content\/uploads\/2026\/02\/VC-300x300.png 300w, https:\/\/venao-ventures.com\/wp-content\/uploads\/2026\/02\/VC-150x150.png 150w, https:\/\/venao-ventures.com\/wp-content\/uploads\/2026\/02\/VC-768x768.png 768w, https:\/\/venao-ventures.com\/wp-content\/uploads\/2026\/02\/VC-12x12.png 12w, https:\/\/venao-ventures.com\/wp-content\/uploads\/2026\/02\/VC.png 1200w\" sizes=\"auto, (max-width: 1024px) 100vw, 1024px\" \/><\/figure>\n<\/div>\n<\/div>\n\n\n\n<div class=\"wp-block-columns is-layout-flex wp-container-core-columns-is-layout-28f84493 wp-block-columns-is-layout-flex\">\n<div class=\"wp-block-column is-layout-flow wp-block-column-is-layout-flow\">\n<p class=\"has-text-align-center has-large-font-size\"><strong>Casa Almendra<\/strong><\/p>\n\n\n\n<p class=\"has-text-align-center\">Casa Almendra est\u00e1 dise\u00f1ada para quienes valoran la privacidad, el espacio y una profunda conexi\u00f3n con la naturaleza.<\/p>\n\n\n\n<p class=\"has-text-align-center\">Con vistas panor\u00e1micas a Ca\u00f1as e Isla Ca\u00f1as, la casa ofrece un entorno tranquilo y elevado, ideal para familias que buscan comodidad y privacidad.<\/p>\n\n\n\n<p class=\"has-text-align-center\">Con dormitorios de generosas dimensiones y zonas de estar di\u00e1fanas, Casa Almendra est\u00e1 cuidadosamente dise\u00f1ada para adaptarse a la vida familiar manteniendo una sensaci\u00f3n de calma y amplitud.<\/p>\n\n\n\n<p class=\"has-text-align-center\">La arquitectura se integra en su entorno mediante el uso de materiales naturales procedentes de la zona, creando un hogar que transmite una sensaci\u00f3n de arraigo, calidez y armon\u00eda con el paisaje.<\/p>\n\n\n\n<p class=\"has-text-align-center\">Casa Almendra es un lugar donde la sencillez, la naturaleza y la privacidad se unen para crear una experiencia de vida verdaderamente serena.<\/p>\n<\/div>\n\n\n\n<div class=\"wp-block-column is-layout-flow wp-block-column-is-layout-flow\">\n<figure class=\"wp-block-image aligncenter size-large\"><img loading=\"lazy\" decoding=\"async\" width=\"1024\" height=\"1024\" src=\"https:\/\/venao-ventures.com\/wp-content\/uploads\/2026\/02\/CA-1024x1024.png\" alt=\"\" class=\"wp-image-153\" style=\"object-fit:cover\" srcset=\"https:\/\/venao-ventures.com\/wp-content\/uploads\/2026\/02\/CA-1024x1024.png 1024w, https:\/\/venao-ventures.com\/wp-content\/uploads\/2026\/02\/CA-300x300.png 300w, https:\/\/venao-ventures.com\/wp-content\/uploads\/2026\/02\/CA-150x150.png 150w, https:\/\/venao-ventures.com\/wp-content\/uploads\/2026\/02\/CA-768x768.png 768w, https:\/\/venao-ventures.com\/wp-content\/uploads\/2026\/02\/CA-12x12.png 12w, https:\/\/venao-ventures.com\/wp-content\/uploads\/2026\/02\/CA.png 1200w\" sizes=\"auto, (max-width: 1024px) 100vw, 1024px\" \/><\/figure>\n<\/div>\n<\/div>\n\n\n\n<div class=\"wp-block-columns is-layout-flex wp-container-core-columns-is-layout-28f84493 wp-block-columns-is-layout-flex\">\n<div class=\"wp-block-column is-layout-flow wp-block-column-is-layout-flow\">\n<p class=\"has-text-align-center has-large-font-size\"><strong>Eden Garden<\/strong><\/p>\n\n\n\n<p class=\"has-text-align-center\">Designed as a living garden, it brings together a rich variety of plants and flowers native to the region, forming a vibrant and ever evolving natural setting.<\/p>\n\n\n\n<p class=\"has-text-align-center\">Concebido como un espacio para reuniones significativas, Eden Garden se presta maravillosamente para celebraciones, bodas, eventos especiales y momentos que merecen ser recordados.<\/p>\n\n\n\n<p class=\"has-text-align-center\">En esencia, el jard\u00edn alberga un ecosistema cuidadosamente creado, con un estanque sereno lleno de flores y peces, que realza la sensaci\u00f3n de vida, belleza y armon\u00eda en todo el espacio.<\/p>\n\n\n\n<p class=\"has-text-align-center\">Eden Garden es m\u00e1s que un jard\u00edn; es un lugar donde la naturaleza, la emoci\u00f3n y la conexi\u00f3n se unen para celebrar lo que m\u00e1s importa.<\/p>\n<\/div>\n\n\n\n<div class=\"wp-block-column is-layout-flow wp-block-column-is-layout-flow\">\n<figure class=\"wp-block-image aligncenter size-large\"><img loading=\"lazy\" decoding=\"async\" width=\"1024\" height=\"1024\" src=\"https:\/\/venao-ventures.com\/wp-content\/uploads\/2026\/02\/EG-1024x1024.png\" alt=\"\" class=\"wp-image-155\" style=\"object-fit:cover\" srcset=\"https:\/\/venao-ventures.com\/wp-content\/uploads\/2026\/02\/EG-1024x1024.png 1024w, https:\/\/venao-ventures.com\/wp-content\/uploads\/2026\/02\/EG-300x300.png 300w, https:\/\/venao-ventures.com\/wp-content\/uploads\/2026\/02\/EG-150x150.png 150w, https:\/\/venao-ventures.com\/wp-content\/uploads\/2026\/02\/EG-768x768.png 768w, https:\/\/venao-ventures.com\/wp-content\/uploads\/2026\/02\/EG-12x12.png 12w, https:\/\/venao-ventures.com\/wp-content\/uploads\/2026\/02\/EG.png 1200w\" sizes=\"auto, (max-width: 1024px) 100vw, 1024px\" \/><\/figure>\n<\/div>\n<\/div>\n\n\n\n<div class=\"wp-block-columns is-layout-flex wp-container-core-columns-is-layout-28f84493 wp-block-columns-is-layout-flex\">\n<div class=\"wp-block-column is-layout-flow wp-block-column-is-layout-flow\">\n<p class=\"has-text-align-center has-large-font-size\"><strong>Padel Club<\/strong><\/p>\n\n\n\n<p class=\"has-text-align-center\">El Club de P\u00e1del Venao fue creado por y para la comunidad.<br>Como pioneros en la introducci\u00f3n del p\u00e1del en la zona, la visi\u00f3n del club era crear un espacio donde el deporte se convirtiera en una forma de conectar, crecer y unir a las personas.<br>M\u00e1s que un simple lugar para jugar, el club es un centro social y din\u00e1mico para la comunidad, donde los amigos se re\u00fanen, las familias pasan tiempo juntas y los ni\u00f1os tienen la oportunidad de aprender un nuevo deporte, desarrollar habilidades y ganar confianza.<br>Dise\u00f1ado para integrarse con la belleza natural de Playa Venao, el club preserva su entorno verde, creando un ambiente que se siente a la vez vibrante y arraigado.<br>Venao Padel Club is a place where community is at the center where sport, connection, and everyday life come together naturally.<\/p>\n<\/div>\n\n\n\n<div class=\"wp-block-column is-layout-flow wp-block-column-is-layout-flow\">\n<figure class=\"wp-block-image aligncenter size-large\"><img loading=\"lazy\" decoding=\"async\" width=\"1024\" height=\"1024\" src=\"https:\/\/venao-ventures.com\/wp-content\/uploads\/2026\/02\/PC-1024x1024.png\" alt=\"\" class=\"wp-image-159\" style=\"object-fit:cover\" srcset=\"https:\/\/venao-ventures.com\/wp-content\/uploads\/2026\/02\/PC-1024x1024.png 1024w, https:\/\/venao-ventures.com\/wp-content\/uploads\/2026\/02\/PC-300x300.png 300w, https:\/\/venao-ventures.com\/wp-content\/uploads\/2026\/02\/PC-150x150.png 150w, https:\/\/venao-ventures.com\/wp-content\/uploads\/2026\/02\/PC-768x768.png 768w, https:\/\/venao-ventures.com\/wp-content\/uploads\/2026\/02\/PC-12x12.png 12w, https:\/\/venao-ventures.com\/wp-content\/uploads\/2026\/02\/PC.png 1200w\" sizes=\"auto, (max-width: 1024px) 100vw, 1024px\" \/><\/figure>\n<\/div>\n<\/div>\n\n\n\n<div class=\"wp-block-columns is-layout-flex wp-container-core-columns-is-layout-28f84493 wp-block-columns-is-layout-flex\">\n<div class=\"wp-block-column is-layout-flow wp-block-column-is-layout-flow\">\n<p class=\"has-text-align-center has-large-font-size\"><strong>El nido<\/strong><\/p>\n\n\n\n<p class=\"has-text-align-center\">El Nido es una villa excepcional, moldeada por la luz, la naturaleza y la intenci\u00f3n, donde la arquitectura se convierte en una extensi\u00f3n silenciosa de su entorno.<br>Con ra\u00edces en un refinado lenguaje tropical moderno, la casa se despliega a trav\u00e9s de l\u00edneas precisas, materiales nobles y una sensaci\u00f3n de equilibrio que resulta a la vez natural y meticulosamente elaborada.<br>Dise\u00f1ada como una residencia de cinco dormitorios, ofrece una forma de vida definida por el espacio, la tranquilidad y una fluidez perfecta.<br>Los jardines interiores y las amplias aberturas invitan a la naturaleza a entrar en el hogar, disolviendo los l\u00edmites entre el interior y el exterior y creando una atm\u00f3sfera que resulta a la vez envolvente y serena.<br>Detr\u00e1s de su aparente simplicidad se esconde una sofisticada capa de dise\u00f1o, donde elementos como una cocina y una despensa ocultas preservan una sensaci\u00f3n de claridad, permitiendo que la experiencia del espacio permanezca ininterrumpida y refinada.<br>Las sutiles influencias del Japandi emergen a trav\u00e9s de sus texturas suaves, tonos tranquilos y proporciones armoniosas, a\u00f1adiendo profundidad y un car\u00e1cter atemporal.<br>El Nido es m\u00e1s que una villa; es una experiencia de vida cuidadosamente dise\u00f1ada, donde cada detalle contribuye a crear algo \u00fanico, sofisticado y profundamente conectado con Playa Venao.<\/p>\n<\/div>\n\n\n\n<div class=\"wp-block-column is-layout-flow wp-block-column-is-layout-flow\">\n<figure class=\"wp-block-image aligncenter size-large\"><img loading=\"lazy\" decoding=\"async\" width=\"1024\" height=\"1024\" src=\"https:\/\/venao-ventures.com\/wp-content\/uploads\/2026\/02\/EN-1024x1024.png\" alt=\"\" class=\"wp-image-156\" style=\"object-fit:cover\" srcset=\"https:\/\/venao-ventures.com\/wp-content\/uploads\/2026\/02\/EN-1024x1024.png 1024w, https:\/\/venao-ventures.com\/wp-content\/uploads\/2026\/02\/EN-300x300.png 300w, https:\/\/venao-ventures.com\/wp-content\/uploads\/2026\/02\/EN-150x150.png 150w, https:\/\/venao-ventures.com\/wp-content\/uploads\/2026\/02\/EN-768x768.png 768w, https:\/\/venao-ventures.com\/wp-content\/uploads\/2026\/02\/EN-12x12.png 12w, https:\/\/venao-ventures.com\/wp-content\/uploads\/2026\/02\/EN.png 1200w\" sizes=\"auto, (max-width: 1024px) 100vw, 1024px\" \/><\/figure>\n<\/div>\n<\/div>\n\n\n\n<div class=\"wp-block-columns is-layout-flex wp-container-core-columns-is-layout-28f84493 wp-block-columns-is-layout-flex\">\n<div class=\"wp-block-column is-layout-flow wp-block-column-is-layout-flow\">\n<p class=\"has-text-align-center has-large-font-size\"><strong>Caba\u00f1as Ca\u00f1as<\/strong><\/p>\n\n\n\n<p class=\"has-text-align-center\">Dos caba\u00f1as de alquiler cuidadosamente dise\u00f1adas inmersas en la jungla de Ca\u00f1as, equilibrando simplicidad, privacidad y naturaleza.<\/p>\n<\/div>\n\n\n\n<div class=\"wp-block-column is-layout-flow wp-block-column-is-layout-flow\">\n<figure class=\"wp-block-image aligncenter size-large\"><img loading=\"lazy\" decoding=\"async\" width=\"1024\" height=\"683\" src=\"https:\/\/venao-ventures.com\/wp-content\/uploads\/2026\/02\/AB5I9700-1024x683.jpg\" alt=\"\" class=\"wp-image-396\" style=\"aspect-ratio:1;object-fit:cover\" srcset=\"https:\/\/venao-ventures.com\/wp-content\/uploads\/2026\/02\/AB5I9700-1024x683.jpg 1024w, https:\/\/venao-ventures.com\/wp-content\/uploads\/2026\/02\/AB5I9700-300x200.jpg 300w, https:\/\/venao-ventures.com\/wp-content\/uploads\/2026\/02\/AB5I9700-768x512.jpg 768w, https:\/\/venao-ventures.com\/wp-content\/uploads\/2026\/02\/AB5I9700-1536x1024.jpg 1536w, https:\/\/venao-ventures.com\/wp-content\/uploads\/2026\/02\/AB5I9700-2048x1365.jpg 2048w, https:\/\/venao-ventures.com\/wp-content\/uploads\/2026\/02\/AB5I9700-18x12.jpg 18w\" sizes=\"auto, (max-width: 1024px) 100vw, 1024px\" \/><\/figure>\n<\/div>\n<\/div>\n\n\n\n<div class=\"wp-block-columns is-layout-flex wp-container-core-columns-is-layout-28f84493 wp-block-columns-is-layout-flex\">\n<div class=\"wp-block-column is-layout-flow wp-block-column-is-layout-flow\">\n<p class=\"has-text-align-center has-large-font-size\"><strong>Venao Park<\/strong><\/p>\n\n\n\n<p class=\"has-text-align-center\">Venao Park est\u00e1 dise\u00f1ado para aquellos que buscan el equilibrio entre estar cerca de todo y sentirse conectados con la naturaleza.<\/p>\n\n\n\n<p class=\"has-text-align-center\">Dise\u00f1ados para j\u00f3venes y parejas, estos apartamentos ofrecen una experiencia de vida sencilla y bien pensada en una ubicaci\u00f3n c\u00e9ntrica dentro de Playa Venao, a la vez que se mantienen alejados del ruido.<\/p>\n\n\n\n<p class=\"has-text-align-center\">Rodeado de vegetaci\u00f3n, Venao Park ofrece una sensaci\u00f3n de calma sin sacrificar la comodidad, permitiendo a los residentes moverse f\u00e1cilmente entre espacios sociales vibrantes y momentos de tranquilidad.<\/p>\n\n\n\n<p class=\"has-text-align-center\">Estos apartamentos ofrecen una experiencia de vida sencilla y funcional en un entorno c\u00e9ntrico pero tranquilo dentro de Playa Venao.<\/p>\n<\/div>\n\n\n\n<div class=\"wp-block-column is-layout-flow wp-block-column-is-layout-flow\">\n<div class=\"wp-block-uagb-slider uagb-block-f338d055 uagb-slider-container\"><div class=\"uagb-slides uagb-swiper\"><div class=\"swiper-wrapper\">\n<div class=\"wp-block-uagb-slider-child uagb-slider-child-wrap swiper-slide uagb-block-da94a797\"><div class=\"swiper-content\">\n<figure class=\"wp-block-image size-large\"><img loading=\"lazy\" decoding=\"async\" width=\"1024\" height=\"683\" src=\"https:\/\/venao-ventures.com\/wp-content\/uploads\/2026\/02\/BQS4842_3_4-1024x683.jpg\" alt=\"\" class=\"wp-image-229\" srcset=\"https:\/\/venao-ventures.com\/wp-content\/uploads\/2026\/02\/BQS4842_3_4-1024x683.jpg 1024w, https:\/\/venao-ventures.com\/wp-content\/uploads\/2026\/02\/BQS4842_3_4-300x200.jpg 300w, https:\/\/venao-ventures.com\/wp-content\/uploads\/2026\/02\/BQS4842_3_4-768x512.jpg 768w, https:\/\/venao-ventures.com\/wp-content\/uploads\/2026\/02\/BQS4842_3_4-1536x1024.jpg 1536w, https:\/\/venao-ventures.com\/wp-content\/uploads\/2026\/02\/BQS4842_3_4-2048x1365.jpg 2048w, https:\/\/venao-ventures.com\/wp-content\/uploads\/2026\/02\/BQS4842_3_4-18x12.jpg 18w\" sizes=\"auto, (max-width: 1024px) 100vw, 1024px\" \/><\/figure>\n<\/div><\/div>\n\n\n\n<div class=\"wp-block-uagb-slider-child uagb-slider-child-wrap swiper-slide uagb-block-b5da1dec\"><div class=\"swiper-content\">\n<figure class=\"wp-block-image size-large\"><img loading=\"lazy\" decoding=\"async\" width=\"1024\" height=\"683\" src=\"https:\/\/venao-ventures.com\/wp-content\/uploads\/2026\/02\/Q9A0982-HDR-1024x683.jpg\" alt=\"\" class=\"wp-image-252\" srcset=\"https:\/\/venao-ventures.com\/wp-content\/uploads\/2026\/02\/Q9A0982-HDR-1024x683.jpg 1024w, https:\/\/venao-ventures.com\/wp-content\/uploads\/2026\/02\/Q9A0982-HDR-300x200.jpg 300w, https:\/\/venao-ventures.com\/wp-content\/uploads\/2026\/02\/Q9A0982-HDR-768x512.jpg 768w, https:\/\/venao-ventures.com\/wp-content\/uploads\/2026\/02\/Q9A0982-HDR-1536x1024.jpg 1536w, https:\/\/venao-ventures.com\/wp-content\/uploads\/2026\/02\/Q9A0982-HDR-2048x1365.jpg 2048w, https:\/\/venao-ventures.com\/wp-content\/uploads\/2026\/02\/Q9A0982-HDR-18x12.jpg 18w\" sizes=\"auto, (max-width: 1024px) 100vw, 1024px\" \/><\/figure>\n<\/div><\/div>\n\n\n\n<div class=\"wp-block-uagb-slider-child uagb-slider-child-wrap swiper-slide uagb-block-93d3e510\"><div class=\"swiper-content\">\n<figure class=\"wp-block-image size-large\"><img loading=\"lazy\" decoding=\"async\" width=\"1024\" height=\"682\" src=\"https:\/\/venao-ventures.com\/wp-content\/uploads\/2026\/02\/BQS4884_5_6-1024x682.jpg\" alt=\"\" class=\"wp-image-235\" srcset=\"https:\/\/venao-ventures.com\/wp-content\/uploads\/2026\/02\/BQS4884_5_6-1024x682.jpg 1024w, https:\/\/venao-ventures.com\/wp-content\/uploads\/2026\/02\/BQS4884_5_6-300x200.jpg 300w, https:\/\/venao-ventures.com\/wp-content\/uploads\/2026\/02\/BQS4884_5_6-768x512.jpg 768w, https:\/\/venao-ventures.com\/wp-content\/uploads\/2026\/02\/BQS4884_5_6-1536x1024.jpg 1536w, https:\/\/venao-ventures.com\/wp-content\/uploads\/2026\/02\/BQS4884_5_6-2048x1365.jpg 2048w, https:\/\/venao-ventures.com\/wp-content\/uploads\/2026\/02\/BQS4884_5_6-18x12.jpg 18w\" sizes=\"auto, (max-width: 1024px) 100vw, 1024px\" \/><\/figure>\n<\/div><\/div>\n<\/div><\/div><div class=\"swiper-pagination\"><\/div><div class=\"swiper-button-prev\"><\/div><div class=\"swiper-button-next\"><\/div><\/div>\n<\/div>\n<\/div>\n<\/div>\n\n\n\n<p><\/p>","protected":false},"excerpt":{"rendered":"<p>Ca\u00f1as del Sol is for those who have already chosen a slower, more intentional way of living. It\u2019s for people [&hellip;]<\/p>","protected":false},"author":1,"featured_media":0,"parent":0,"menu_order":0,"comment_status":"closed","ping_status":"closed","template":"","meta":{"_uag_custom_page_level_css":"","site-sidebar-layout":"default","site-content-layout":"","ast-site-content-layout":"default","site-content-style":"unboxed","site-sidebar-style":"unboxed","ast-global-header-display":"","ast-banner-title-visibility":"","ast-main-header-display":"","ast-hfb-above-header-display":"","ast-hfb-below-header-display":"","ast-hfb-mobile-header-display":"","site-post-title":"disabled","ast-breadcrumbs-content":"","ast-featured-img":"","footer-sml-layout":"","ast-disable-related-posts":"","theme-transparent-header-meta":"","adv-header-id-meta":"","stick-header-meta":"","header-above-stick-meta":"","header-main-stick-meta":"","header-below-stick-meta":"","astra-migrate-meta-layouts":"default","ast-page-background-enabled":"default","ast-page-background-meta":{"desktop":{"background-color":"var(--ast-global-color-5)","background-image":"","background-repeat":"repeat","background-position":"center center","background-size":"auto","background-attachment":"scroll","background-type":"","background-media":"","overlay-type":"","overlay-color":"","overlay-opacity":"","overlay-gradient":""},"tablet":{"background-color":"","background-image":"","background-repeat":"repeat","background-position":"center center","background-size":"auto","background-attachment":"scroll","background-type":"","background-media":"","overlay-type":"","overlay-color":"","overlay-opacity":"","overlay-gradient":""},"mobile":{"background-color":"","background-image":"","background-repeat":"repeat","background-position":"center center","background-size":"auto","background-attachment":"scroll","background-type":"","background-media":"","overlay-type":"","overlay-color":"","overlay-opacity":"","overlay-gradient":""}},"ast-content-background-meta":{"desktop":{"background-color":"var(--ast-global-color-4)","background-image":"","background-repeat":"repeat","background-position":"center center","background-size":"auto","background-attachment":"scroll","background-type":"","background-media":"","overlay-type":"","overlay-color":"","overlay-opacity":"","overlay-gradient":""},"tablet":{"background-color":"var(--ast-global-color-4)","background-image":"","background-repeat":"repeat","background-position":"center center","background-size":"auto","background-attachment":"scroll","background-type":"","background-media":"","overlay-type":"","overlay-color":"","overlay-opacity":"","overlay-gradient":""},"mobile":{"background-color":"var(--ast-global-color-4)","background-image":"","background-repeat":"repeat","background-position":"center center","background-size":"auto","background-attachment":"scroll","background-type":"","background-media":"","overlay-type":"","overlay-color":"","overlay-opacity":"","overlay-gradient":""}},"footnotes":""},"class_list":["post-149","page","type-page","status-publish","hentry"],"_hostinger_reach_plugin_has_subscription_block":false,"_hostinger_reach_plugin_is_elementor":false,"uagb_featured_image_src":{"full":false,"thumbnail":false,"medium":false,"medium_large":false,"large":false,"1536x1536":false,"2048x2048":false,"trp-custom-language-flag":false},"uagb_author_info":{"display_name":"marketingdigital@venaoventure.com","author_link":"https:\/\/venao-ventures.com\/es\/author\/marketingdigitalvenaoventure-com\/"},"uagb_comment_info":0,"uagb_excerpt":"Ca\u00f1as del Sol is for those who have already chosen a slower, more intentional way of living. It\u2019s for people [&hellip;]","_links":{"self":[{"href":"https:\/\/venao-ventures.com\/es\/wp-json\/wp\/v2\/pages\/149","targetHints":{"allow":["GET"]}}],"collection":[{"href":"https:\/\/venao-ventures.com\/es\/wp-json\/wp\/v2\/pages"}],"about":[{"href":"https:\/\/venao-ventures.com\/es\/wp-json\/wp\/v2\/types\/page"}],"author":[{"embeddable":true,"href":"https:\/\/venao-ventures.com\/es\/wp-json\/wp\/v2\/users\/1"}],"replies":[{"embeddable":true,"href":"https:\/\/venao-ventures.com\/es\/wp-json\/wp\/v2\/comments?post=149"}],"version-history":[{"count":14,"href":"https:\/\/venao-ventures.com\/es\/wp-json\/wp\/v2\/pages\/149\/revisions"}],"predecessor-version":[{"id":520,"href":"https:\/\/venao-ventures.com\/es\/wp-json\/wp\/v2\/pages\/149\/revisions\/520"}],"wp:attachment":[{"href":"https:\/\/venao-ventures.com\/es\/wp-json\/wp\/v2\/media?parent=149"}],"curies":[{"name":"wp","href":"https:\/\/api.w.org\/{rel}","templated":true}]}}