{"id":166,"date":"2026-02-14T17:30:24","date_gmt":"2026-02-14T22:30:24","guid":{"rendered":"https:\/\/venao-ventures.com\/?page_id=166"},"modified":"2026-05-02T15:51:34","modified_gmt":"2026-05-02T20:51:34","slug":"community-initiatives","status":"publish","type":"page","link":"https:\/\/venao-ventures.com\/es\/community-initiatives\/","title":{"rendered":"Iniciativas comunitarias"},"content":{"rendered":"<div class=\"wp-block-group alignfull has-text-color has-background has-link-color wp-elements-ec5718bb276b91645a1ceb4f7d2c076b is-layout-constrained wp-block-group-is-layout-constrained\" style=\"color:#012e40;background-color:#f2e9e4\">\n\n\n<p class=\"has-text-align-center has-large-font-size\"><strong>Iniciativas comunitarias<\/strong><\/p>\n\n\n\n<div style=\"height:100px\" aria-hidden=\"true\" class=\"wp-block-spacer\"><\/div>\n\n\n\n<div class=\"wp-block-columns is-layout-flex wp-container-core-columns-is-layout-28f84493 wp-block-columns-is-layout-flex\">\n<div class=\"wp-block-column is-layout-constrained wp-container-core-column-is-layout-731c369d wp-block-column-is-layout-constrained\">\n<p class=\"has-text-align-center has-large-font-size\"><strong>Equipo de b\u00e9isbol de Las Tablas<\/strong><\/p>\n\n\n\n<p class=\"has-text-align-center\">En Venao Ventures, el deporte es una parte esencial de nuestra visi\u00f3n. En Las Tablas, colaboramos estrechamente con un equipo juvenil de b\u00e9isbol, uno de los deportes m\u00e1s arraigados en Panam\u00e1, contribuyendo al desarrollo de j\u00f3venes jugadores mediante el acceso a equipamiento y material profesional.<\/p>\n<\/div>\n\n\n\n<div class=\"wp-block-column is-layout-flow wp-block-column-is-layout-flow\">\n<div class=\"wp-block-uagb-slider uagb-block-724ea224 uagb-slider-container\"><div class=\"uagb-slides uagb-swiper\"><div class=\"swiper-wrapper\">\n<div class=\"wp-block-uagb-slider-child uagb-slider-child-wrap swiper-slide uagb-block-7c0c298f\"><div class=\"swiper-content\">\n<div class=\"wp-block-uagb-image uagb-block-200d9562 wp-block-uagb-image--layout-default wp-block-uagb-image--effect-static wp-block-uagb-image--align-none\"><figure class=\"wp-block-uagb-image__figure\"><img decoding=\"async\" srcset=\"https:\/\/venao-ventures.com\/wp-content\/uploads\/2026\/02\/BT_02-1024x1024.png ,https:\/\/venao-ventures.com\/wp-content\/uploads\/2026\/02\/BT_02.png 780w, https:\/\/venao-ventures.com\/wp-content\/uploads\/2026\/02\/BT_02.png 360w\" sizes=\"auto, (max-width: 480px) 150px\" src=\"https:\/\/venao-ventures.com\/wp-content\/uploads\/2026\/02\/BT_02-1024x1024.png\" alt=\"\" class=\"uag-image-152\" width=\"480\" height=\"480\" title=\"BT_02\" loading=\"lazy\" role=\"img\"\/><\/figure><\/div>\n<\/div><\/div>\n\n\n\n<div class=\"wp-block-uagb-slider-child uagb-slider-child-wrap swiper-slide uagb-block-29eae347\"><div class=\"swiper-content\">\n<div class=\"wp-block-uagb-image uagb-block-c94bd454 wp-block-uagb-image--layout-default wp-block-uagb-image--effect-static wp-block-uagb-image--align-none\"><figure class=\"wp-block-uagb-image__figure\"><img decoding=\"async\" srcset=\"https:\/\/venao-ventures.com\/wp-content\/uploads\/2026\/02\/BT_01-1024x1024.png ,https:\/\/venao-ventures.com\/wp-content\/uploads\/2026\/02\/BT_01.png 780w, https:\/\/venao-ventures.com\/wp-content\/uploads\/2026\/02\/BT_01.png 360w\" sizes=\"auto, (max-width: 480px) 150px\" src=\"https:\/\/venao-ventures.com\/wp-content\/uploads\/2026\/02\/BT_01-1024x1024.png\" alt=\"\" class=\"uag-image-151\" width=\"1024\" height=\"1024\" title=\"BT_01\" loading=\"lazy\" role=\"img\"\/><\/figure><\/div>\n<\/div><\/div>\n<\/div><\/div><div class=\"swiper-pagination\"><\/div><div class=\"swiper-button-prev\"><\/div><div class=\"swiper-button-next\"><\/div><\/div>\n<\/div>\n<\/div>\n\n\n\n<div class=\"wp-block-columns is-layout-flex wp-container-core-columns-is-layout-28f84493 wp-block-columns-is-layout-flex\">\n<div class=\"wp-block-column is-layout-constrained wp-container-core-column-is-layout-731c369d wp-block-column-is-layout-constrained\">\n<p class=\"has-text-align-center has-large-font-size\"><strong>Venao Inspira<\/strong><\/p>\n\n\n\n<p class=\"has-text-align-center\">Consideramos que el arte es una poderosa herramienta para unir a las personas. A trav\u00e9s de iniciativas como Venao Inspira, formamos parte de un movimiento cultural que conecta a las comunidades mediante el arte.<\/p>\n<\/div>\n\n\n\n<div class=\"wp-block-column is-layout-flow wp-block-column-is-layout-flow\">\n<div class=\"wp-block-uagb-slider uagb-block-7c1533dc uagb-slider-container\"><div class=\"uagb-slides uagb-swiper\"><div class=\"swiper-wrapper\">\n<div class=\"wp-block-uagb-slider-child uagb-slider-child-wrap swiper-slide uagb-block-c247f99b\"><div class=\"swiper-content\">\n<div class=\"wp-block-uagb-image uagb-block-60bf5c04 wp-block-uagb-image--layout-default wp-block-uagb-image--effect-static wp-block-uagb-image--align-none\"><figure class=\"wp-block-uagb-image__figure\"><img decoding=\"async\" srcset=\"https:\/\/venao-ventures.com\/wp-content\/uploads\/2026\/02\/IS_01-1024x1024.png ,https:\/\/venao-ventures.com\/wp-content\/uploads\/2026\/02\/IS_01.png 780w, https:\/\/venao-ventures.com\/wp-content\/uploads\/2026\/02\/IS_01.png 360w\" sizes=\"auto, (max-width: 480px) 150px\" src=\"https:\/\/venao-ventures.com\/wp-content\/uploads\/2026\/02\/IS_01-1024x1024.png\" alt=\"\" class=\"uag-image-157\" width=\"480\" height=\"480\" title=\"IS_01\" loading=\"lazy\" role=\"img\"\/><\/figure><\/div>\n<\/div><\/div>\n\n\n\n<div class=\"wp-block-uagb-slider-child uagb-slider-child-wrap swiper-slide uagb-block-d49906e9\"><div class=\"swiper-content\">\n<div class=\"wp-block-uagb-image uagb-block-836a64c3 wp-block-uagb-image--layout-default wp-block-uagb-image--effect-static wp-block-uagb-image--align-none\"><figure class=\"wp-block-uagb-image__figure\"><img decoding=\"async\" srcset=\"https:\/\/venao-ventures.com\/wp-content\/uploads\/2026\/02\/IS_02-1024x1024.png ,https:\/\/venao-ventures.com\/wp-content\/uploads\/2026\/02\/IS_02.png 780w, https:\/\/venao-ventures.com\/wp-content\/uploads\/2026\/02\/IS_02.png 360w\" sizes=\"auto, (max-width: 480px) 150px\" src=\"https:\/\/venao-ventures.com\/wp-content\/uploads\/2026\/02\/IS_02-1024x1024.png\" alt=\"\" class=\"uag-image-158\" width=\"1024\" height=\"1024\" title=\"IS_02\" loading=\"lazy\" role=\"img\"\/><\/figure><\/div>\n<\/div><\/div>\n<\/div><\/div><div class=\"swiper-pagination\"><\/div><div class=\"swiper-button-prev\"><\/div><div class=\"swiper-button-next\"><\/div><\/div>\n<\/div>\n<\/div>\n\n\n\n<div class=\"wp-block-columns is-layout-flex wp-container-core-columns-is-layout-28f84493 wp-block-columns-is-layout-flex\">\n<div class=\"wp-block-column is-layout-constrained wp-container-core-column-is-layout-731c369d wp-block-column-is-layout-constrained\">\n<p class=\"has-text-align-center has-large-font-size\"><strong>Waved venao<\/strong><\/p>\n\n\n\n<p class=\"has-text-align-center\">Reconocemos el impacto que el deporte puede tener en el crecimiento y las oportunidades. A trav\u00e9s de la Fundaci\u00f3n Waved, estamos conectados con iniciativas que introducen deportes como el p\u00e1del a ni\u00f1os de Isla Ca\u00f1as, abriendo nuevos caminos para su desarrollo personal.<\/p>\n<\/div>\n\n\n\n<div class=\"wp-block-column is-layout-flow wp-block-column-is-layout-flow\">\n<div class=\"wp-block-uagb-slider uagb-block-466aa8ba uagb-slider-container\"><div class=\"uagb-slides uagb-swiper\"><div class=\"swiper-wrapper\">\n<div class=\"wp-block-uagb-slider-child uagb-slider-child-wrap swiper-slide uagb-block-13c26e75\"><div class=\"swiper-content\">\n<figure class=\"wp-block-image size-large\"><img loading=\"lazy\" decoding=\"async\" width=\"1024\" height=\"683\" src=\"https:\/\/venao-ventures.com\/wp-content\/uploads\/2026\/02\/D2A3E154-5D8A-415B-A13F-9B411F9BC448-1024x683.jpg\" alt=\"\" class=\"wp-image-205\" srcset=\"https:\/\/venao-ventures.com\/wp-content\/uploads\/2026\/02\/D2A3E154-5D8A-415B-A13F-9B411F9BC448-1024x683.jpg 1024w, https:\/\/venao-ventures.com\/wp-content\/uploads\/2026\/02\/D2A3E154-5D8A-415B-A13F-9B411F9BC448-300x200.jpg 300w, https:\/\/venao-ventures.com\/wp-content\/uploads\/2026\/02\/D2A3E154-5D8A-415B-A13F-9B411F9BC448-768x512.jpg 768w, https:\/\/venao-ventures.com\/wp-content\/uploads\/2026\/02\/D2A3E154-5D8A-415B-A13F-9B411F9BC448-1536x1024.jpg 1536w, https:\/\/venao-ventures.com\/wp-content\/uploads\/2026\/02\/D2A3E154-5D8A-415B-A13F-9B411F9BC448-2048x1365.jpg 2048w, https:\/\/venao-ventures.com\/wp-content\/uploads\/2026\/02\/D2A3E154-5D8A-415B-A13F-9B411F9BC448-18x12.jpg 18w\" sizes=\"auto, (max-width: 1024px) 100vw, 1024px\" \/><\/figure>\n<\/div><\/div>\n\n\n\n<div class=\"wp-block-uagb-slider-child uagb-slider-child-wrap swiper-slide uagb-block-877a010b\"><div class=\"swiper-content\">\n<div class=\"wp-block-uagb-image uagb-block-e4495c25 wp-block-uagb-image--layout-default wp-block-uagb-image--effect-static wp-block-uagb-image--align-none\"><figure class=\"wp-block-uagb-image__figure\"><img decoding=\"async\" srcset=\"https:\/\/venao-ventures.com\/wp-content\/uploads\/2026\/02\/DSC_3207-1024x683.jpg ,https:\/\/venao-ventures.com\/wp-content\/uploads\/2026\/02\/DSC_3207.jpg 780w, https:\/\/venao-ventures.com\/wp-content\/uploads\/2026\/02\/DSC_3207.jpg 360w\" sizes=\"auto, (max-width: 480px) 150px\" src=\"https:\/\/venao-ventures.com\/wp-content\/uploads\/2026\/02\/DSC_3207-1024x683.jpg\" alt=\"\" class=\"uag-image-214\" width=\"1024\" height=\"683\" title=\"DSC_3207\" loading=\"lazy\" role=\"img\"\/><\/figure><\/div>\n<\/div><\/div>\n\n\n\n<div class=\"wp-block-uagb-slider-child uagb-slider-child-wrap swiper-slide uagb-block-22a4383f\"><div class=\"swiper-content\">\n<figure class=\"wp-block-image size-large has-custom-border\" style=\"margin-top:0;margin-right:0;margin-bottom:0;margin-left:0\"><img loading=\"lazy\" decoding=\"async\" width=\"1024\" height=\"953\" src=\"https:\/\/venao-ventures.com\/wp-content\/uploads\/2026\/02\/DSC_3172-copia-1024x953.png\" alt=\"\" class=\"wp-image-285\" style=\"border-style:none;border-width:0px\" srcset=\"https:\/\/venao-ventures.com\/wp-content\/uploads\/2026\/02\/DSC_3172-copia-1024x953.png 1024w, https:\/\/venao-ventures.com\/wp-content\/uploads\/2026\/02\/DSC_3172-copia-300x279.png 300w, https:\/\/venao-ventures.com\/wp-content\/uploads\/2026\/02\/DSC_3172-copia-768x714.png 768w, https:\/\/venao-ventures.com\/wp-content\/uploads\/2026\/02\/DSC_3172-copia-13x12.png 13w, https:\/\/venao-ventures.com\/wp-content\/uploads\/2026\/02\/DSC_3172-copia.png 1521w\" sizes=\"auto, (max-width: 1024px) 100vw, 1024px\" \/><\/figure>\n<\/div><\/div>\n<\/div><\/div><div class=\"swiper-pagination\"><\/div><div class=\"swiper-button-prev\"><\/div><div class=\"swiper-button-next\"><\/div><\/div>\n<\/div>\n<\/div>\n<\/div>","protected":false},"excerpt":{"rendered":"<p>Ca\u00f1as del Sol is for those who have already chosen a slower, more intentional way of living. It\u2019s for people [&hellip;]<\/p>","protected":false},"author":1,"featured_media":0,"parent":0,"menu_order":0,"comment_status":"closed","ping_status":"closed","template":"","meta":{"_uag_custom_page_level_css":"","site-sidebar-layout":"default","site-content-layout":"","ast-site-content-layout":"default","site-content-style":"unboxed","site-sidebar-style":"unboxed","ast-global-header-display":"","ast-banner-title-visibility":"","ast-main-header-display":"","ast-hfb-above-header-display":"","ast-hfb-below-header-display":"","ast-hfb-mobile-header-display":"","site-post-title":"","ast-breadcrumbs-content":"","ast-featured-img":"","footer-sml-layout":"","ast-disable-related-posts":"","theme-transparent-header-meta":"","adv-header-id-meta":"","stick-header-meta":"","header-above-stick-meta":"","header-main-stick-meta":"","header-below-stick-meta":"","astra-migrate-meta-layouts":"default","ast-page-background-enabled":"default","ast-page-background-meta":{"desktop":{"background-color":"var(--ast-global-color-5)","background-image":"","background-repeat":"repeat","background-position":"center center","background-size":"auto","background-attachment":"scroll","background-type":"","background-media":"","overlay-type":"","overlay-color":"","overlay-opacity":"","overlay-gradient":""},"tablet":{"background-color":"","background-image":"","background-repeat":"repeat","background-position":"center center","background-size":"auto","background-attachment":"scroll","background-type":"","background-media":"","overlay-type":"","overlay-color":"","overlay-opacity":"","overlay-gradient":""},"mobile":{"background-color":"","background-image":"","background-repeat":"repeat","background-position":"center center","background-size":"auto","background-attachment":"scroll","background-type":"","background-media":"","overlay-type":"","overlay-color":"","overlay-opacity":"","overlay-gradient":""}},"ast-content-background-meta":{"desktop":{"background-color":"var(--ast-global-color-4)","background-image":"","background-repeat":"repeat","background-position":"center center","background-size":"auto","background-attachment":"scroll","background-type":"","background-media":"","overlay-type":"","overlay-color":"","overlay-opacity":"","overlay-gradient":""},"tablet":{"background-color":"var(--ast-global-color-4)","background-image":"","background-repeat":"repeat","background-position":"center center","background-size":"auto","background-attachment":"scroll","background-type":"","background-media":"","overlay-type":"","overlay-color":"","overlay-opacity":"","overlay-gradient":""},"mobile":{"background-color":"var(--ast-global-color-4)","background-image":"","background-repeat":"repeat","background-position":"center center","background-size":"auto","background-attachment":"scroll","background-type":"","background-media":"","overlay-type":"","overlay-color":"","overlay-opacity":"","overlay-gradient":""}},"footnotes":""},"class_list":["post-166","page","type-page","status-publish","hentry"],"_hostinger_reach_plugin_has_subscription_block":false,"_hostinger_reach_plugin_is_elementor":false,"uagb_featured_image_src":{"full":false,"thumbnail":false,"medium":false,"medium_large":false,"large":false,"1536x1536":false,"2048x2048":false,"trp-custom-language-flag":false},"uagb_author_info":{"display_name":"marketingdigital@venaoventure.com","author_link":"https:\/\/venao-ventures.com\/es\/author\/marketingdigitalvenaoventure-com\/"},"uagb_comment_info":0,"uagb_excerpt":"Ca\u00f1as del Sol is for those who have already chosen a slower, more intentional way of living. It\u2019s for people [&hellip;]","_links":{"self":[{"href":"https:\/\/venao-ventures.com\/es\/wp-json\/wp\/v2\/pages\/166","targetHints":{"allow":["GET"]}}],"collection":[{"href":"https:\/\/venao-ventures.com\/es\/wp-json\/wp\/v2\/pages"}],"about":[{"href":"https:\/\/venao-ventures.com\/es\/wp-json\/wp\/v2\/types\/page"}],"author":[{"embeddable":true,"href":"https:\/\/venao-ventures.com\/es\/wp-json\/wp\/v2\/users\/1"}],"replies":[{"embeddable":true,"href":"https:\/\/venao-ventures.com\/es\/wp-json\/wp\/v2\/comments?post=166"}],"version-history":[{"count":12,"href":"https:\/\/venao-ventures.com\/es\/wp-json\/wp\/v2\/pages\/166\/revisions"}],"predecessor-version":[{"id":519,"href":"https:\/\/venao-ventures.com\/es\/wp-json\/wp\/v2\/pages\/166\/revisions\/519"}],"wp:attachment":[{"href":"https:\/\/venao-ventures.com\/es\/wp-json\/wp\/v2\/media?parent=166"}],"curies":[{"name":"wp","href":"https:\/\/api.w.org\/{rel}","templated":true}]}}