{"id":169,"date":"2026-02-14T17:36:53","date_gmt":"2026-02-14T22:36:53","guid":{"rendered":"https:\/\/venao-ventures.com\/?page_id=169"},"modified":"2026-03-21T20:14:25","modified_gmt":"2026-03-22T01:14:25","slug":"the-venao-lifestyle","status":"publish","type":"page","link":"https:\/\/venao-ventures.com\/es\/the-venao-lifestyle\/","title":{"rendered":"The Venao Lifestyle"},"content":{"rendered":"<div class=\"wp-block-group alignfull has-text-color has-background has-link-color wp-elements-45b11d047f36e550da10b6b1f3d459ad is-layout-constrained wp-block-group-is-layout-constrained\" style=\"color:#012e40;background-color:#f2e9e4\">\n\n\n<div style=\"height:27px\" aria-hidden=\"true\" class=\"wp-block-spacer\"><\/div>\n\n\n\n<div class=\"wp-block-columns is-layout-flex wp-container-core-columns-is-layout-28f84493 wp-block-columns-is-layout-flex\">\n<div class=\"wp-block-column is-layout-flow wp-block-column-is-layout-flow\">\n<p class=\"has-text-align-left has-large-font-size\"><strong>La vida en Venao<\/strong><\/p>\n\n\n\n<div class=\"wp-block-columns is-layout-flex wp-container-core-columns-is-layout-28f84493 wp-block-columns-is-layout-flex\">\n<div class=\"wp-block-column is-layout-constrained wp-container-core-column-is-layout-731c369d wp-block-column-is-layout-constrained\" style=\"flex-basis:33.33%\">\n<div style=\"height:82px\" aria-hidden=\"true\" class=\"wp-block-spacer\"><\/div>\n\n\n\n<p class=\"has-text-align-center\">Playa Venao es un vibrante pueblo costero que se ha convertido en un centro de surf, bienestar y aventura con una s\u00f3lida comunidad internacional. La bah\u00eda ofrece surf durante todo el a\u00f1o, apto para todos los niveles, adem\u00e1s de estudios de yoga y pilates, pistas de p\u00e1del, senderismo por la naturaleza y paseos a caballo por la selva y la costa. Venao disfruta de un clima tropical, con una estaci\u00f3n seca de diciembre a abril y una temporada de lluvias m\u00e1s verde de mayo a noviembre, que brinda tardes m\u00e1s frescas y exuberantes paisajes. El pueblo est\u00e1 bien equipado para la vida diaria, con un gran supermercado con productos frescos y productos importados de todo el mundo, dos escuelas internacionales, m\u00e1s de 25 restaurantes, chiringuitos y cafeter\u00edas, internet de alta velocidad, una farmacia y una cl\u00ednica m\u00e9dica que abrir\u00e1 pr\u00f3ximamente. A pesar de su crecimiento, Venao mantiene un ambiente relajado, donde la naturaleza es lo primero, donde la comunidad y el estilo de vida siguen siendo fundamentales.<\/p>\n<\/div>\n\n\n\n<div class=\"wp-block-column is-layout-flow wp-block-column-is-layout-flow\" style=\"flex-basis:66.66%\">\n<figure class=\"wp-block-image size-large\"><img loading=\"lazy\" decoding=\"async\" width=\"819\" height=\"1024\" src=\"https:\/\/venao-ventures.com\/wp-content\/uploads\/2026\/03\/Venao-Lifestyle-819x1024.jpg\" alt=\"\" class=\"wp-image-429\" srcset=\"https:\/\/venao-ventures.com\/wp-content\/uploads\/2026\/03\/Venao-Lifestyle-819x1024.jpg 819w, https:\/\/venao-ventures.com\/wp-content\/uploads\/2026\/03\/Venao-Lifestyle-240x300.jpg 240w, https:\/\/venao-ventures.com\/wp-content\/uploads\/2026\/03\/Venao-Lifestyle-768x960.jpg 768w, https:\/\/venao-ventures.com\/wp-content\/uploads\/2026\/03\/Venao-Lifestyle-10x12.jpg 10w, https:\/\/venao-ventures.com\/wp-content\/uploads\/2026\/03\/Venao-Lifestyle.jpg 1080w\" sizes=\"auto, (max-width: 819px) 100vw, 819px\" \/><\/figure>\n<\/div>\n<\/div>\n<\/div>\n<\/div>\n\n\n\n<div class=\"wp-block-columns is-layout-flex wp-container-core-columns-is-layout-28f84493 wp-block-columns-is-layout-flex\">\n<div class=\"wp-block-column is-layout-flow wp-block-column-is-layout-flow\">\n<p class=\"has-text-align-left has-large-font-size\"><strong>\u00bfPor qu\u00e9 Panam\u00e1?<\/strong>?<\/p>\n\n\n\n<div class=\"wp-block-columns is-layout-flex wp-container-core-columns-is-layout-28f84493 wp-block-columns-is-layout-flex\">\n<div class=\"wp-block-column is-layout-constrained wp-container-core-column-is-layout-731c369d wp-block-column-is-layout-constrained\" style=\"flex-basis:33.33%\">\n<div style=\"height:144px\" aria-hidden=\"true\" class=\"wp-block-spacer\"><\/div>\n\n\n\n<p class=\"has-text-align-center\">Panam\u00e1 es uno de los pa\u00edses m\u00e1s estables y favorables para la inversi\u00f3n en Latinoam\u00e9rica, con una econom\u00eda totalmente dolarizada que utiliza el d\u00f3lar estadounidense (USD). Es el Hub de las Am\u00e9ricas, con vuelos directos a m\u00e1s de 80 destinos internacionales y la presencia de m\u00e1s de 60 bancos internacionales. El pa\u00eds ofrece m\u00faltiples opciones de visas de residencia para extranjeros, incluyendo programas para inversionistas, y es conocido por sus favorables estructuras fiscales y tributaci\u00f3n territorial. Panam\u00e1 combina infraestructura moderna, s\u00f3lidos marcos legales y crecimiento econ\u00f3mico con una ventaja ambiental excepcional; es uno de los pocos pa\u00edses con emisiones de carbono negativas del mundo, lo que lo convierte en un destino atractivo para quienes buscan oportunidades y sostenibilidad.<\/p>\n<\/div>\n\n\n\n<div class=\"wp-block-column is-layout-flow wp-block-column-is-layout-flow\" style=\"flex-basis:66.66%\">\n<figure class=\"wp-block-image size-large\"><img loading=\"lazy\" decoding=\"async\" width=\"819\" height=\"1024\" src=\"https:\/\/venao-ventures.com\/wp-content\/uploads\/2026\/03\/Why-Panama-1080X1350-819x1024.jpg\" alt=\"\" class=\"wp-image-432\" srcset=\"https:\/\/venao-ventures.com\/wp-content\/uploads\/2026\/03\/Why-Panama-1080X1350-819x1024.jpg 819w, https:\/\/venao-ventures.com\/wp-content\/uploads\/2026\/03\/Why-Panama-1080X1350-240x300.jpg 240w, https:\/\/venao-ventures.com\/wp-content\/uploads\/2026\/03\/Why-Panama-1080X1350-768x960.jpg 768w, https:\/\/venao-ventures.com\/wp-content\/uploads\/2026\/03\/Why-Panama-1080X1350-10x12.jpg 10w, https:\/\/venao-ventures.com\/wp-content\/uploads\/2026\/03\/Why-Panama-1080X1350.jpg 1080w\" sizes=\"auto, (max-width: 819px) 100vw, 819px\" \/><\/figure>\n<\/div>\n<\/div>\n<\/div>\n<\/div>\n\n\n\n<div class=\"wp-block-columns is-layout-flex wp-container-core-columns-is-layout-28f84493 wp-block-columns-is-layout-flex\">\n<div class=\"wp-block-column is-layout-flow wp-block-column-is-layout-flow\">\n<p class=\"has-text-align-left has-large-font-size\"><strong>Llegar aqu\u00ed<\/strong><\/p>\n\n\n\n<div class=\"wp-block-columns is-layout-flex wp-container-core-columns-is-layout-28f84493 wp-block-columns-is-layout-flex\">\n<div class=\"wp-block-column is-layout-constrained wp-container-core-column-is-layout-731c369d wp-block-column-is-layout-constrained\" style=\"flex-basis:33.33%\">\n<div style=\"height:302px\" aria-hidden=\"true\" class=\"wp-block-spacer\"><\/div>\n\n\n\n<p class=\"has-text-align-center\">La mayor\u00eda de los visitantes llegan a trav\u00e9s del aeropuerto internacional de la Ciudad de Panam\u00e1, uno de los centros mejor conectados de la regi\u00f3n. Desde la Ciudad de Panam\u00e1, se puede llegar a Venao en un vuelo nacional de 45 minutos a Pedas\u00ed, seguido de un recorrido panor\u00e1mico por la costa, o en auto en aproximadamente cinco horas a trav\u00e9s de la pen\u00ednsula de Azuero. El viaje ofrece una transici\u00f3n fluida de la vida urbana a paisajes abiertos, vistas al mar y un ritmo m\u00e1s tranquilo.<\/p>\n<\/div>\n\n\n\n<div class=\"wp-block-column is-layout-flow wp-block-column-is-layout-flow\" style=\"flex-basis:66.66%\">\n<figure class=\"wp-block-image size-large\"><img loading=\"lazy\" decoding=\"async\" width=\"819\" height=\"1024\" src=\"https:\/\/venao-ventures.com\/wp-content\/uploads\/2026\/03\/VV-How-to-get-819x1024.png\" alt=\"\" class=\"wp-image-431\" srcset=\"https:\/\/venao-ventures.com\/wp-content\/uploads\/2026\/03\/VV-How-to-get-819x1024.png 819w, https:\/\/venao-ventures.com\/wp-content\/uploads\/2026\/03\/VV-How-to-get-240x300.png 240w, https:\/\/venao-ventures.com\/wp-content\/uploads\/2026\/03\/VV-How-to-get-768x960.png 768w, https:\/\/venao-ventures.com\/wp-content\/uploads\/2026\/03\/VV-How-to-get-10x12.png 10w, https:\/\/venao-ventures.com\/wp-content\/uploads\/2026\/03\/VV-How-to-get.png 1080w\" sizes=\"auto, (max-width: 819px) 100vw, 819px\" \/><\/figure>\n<\/div>\n<\/div>\n<\/div>\n<\/div>\n<\/div>","protected":false},"excerpt":{"rendered":"<p>Ca\u00f1as del Sol is for those who have already chosen a slower, more intentional way of living. It\u2019s for people [&hellip;]<\/p>","protected":false},"author":1,"featured_media":0,"parent":0,"menu_order":0,"comment_status":"closed","ping_status":"closed","template":"","meta":{"_uag_custom_page_level_css":"","site-sidebar-layout":"default","site-content-layout":"","ast-site-content-layout":"default","site-content-style":"unboxed","site-sidebar-style":"unboxed","ast-global-header-display":"","ast-banner-title-visibility":"","ast-main-header-display":"","ast-hfb-above-header-display":"","ast-hfb-below-header-display":"","ast-hfb-mobile-header-display":"","site-post-title":"disabled","ast-breadcrumbs-content":"","ast-featured-img":"","footer-sml-layout":"","ast-disable-related-posts":"","theme-transparent-header-meta":"","adv-header-id-meta":"","stick-header-meta":"","header-above-stick-meta":"","header-main-stick-meta":"","header-below-stick-meta":"","astra-migrate-meta-layouts":"default","ast-page-background-enabled":"default","ast-page-background-meta":{"desktop":{"background-color":"var(--ast-global-color-5)","background-image":"","background-repeat":"repeat","background-position":"center center","background-size":"auto","background-attachment":"scroll","background-type":"","background-media":"","overlay-type":"","overlay-color":"","overlay-opacity":"","overlay-gradient":""},"tablet":{"background-color":"","background-image":"","background-repeat":"repeat","background-position":"center center","background-size":"auto","background-attachment":"scroll","background-type":"","background-media":"","overlay-type":"","overlay-color":"","overlay-opacity":"","overlay-gradient":""},"mobile":{"background-color":"","background-image":"","background-repeat":"repeat","background-position":"center center","background-size":"auto","background-attachment":"scroll","background-type":"","background-media":"","overlay-type":"","overlay-color":"","overlay-opacity":"","overlay-gradient":""}},"ast-content-background-meta":{"desktop":{"background-color":"var(--ast-global-color-4)","background-image":"","background-repeat":"repeat","background-position":"center center","background-size":"auto","background-attachment":"scroll","background-type":"","background-media":"","overlay-type":"","overlay-color":"","overlay-opacity":"","overlay-gradient":""},"tablet":{"background-color":"var(--ast-global-color-4)","background-image":"","background-repeat":"repeat","background-position":"center center","background-size":"auto","background-attachment":"scroll","background-type":"","background-media":"","overlay-type":"","overlay-color":"","overlay-opacity":"","overlay-gradient":""},"mobile":{"background-color":"var(--ast-global-color-4)","background-image":"","background-repeat":"repeat","background-position":"center center","background-size":"auto","background-attachment":"scroll","background-type":"","background-media":"","overlay-type":"","overlay-color":"","overlay-opacity":"","overlay-gradient":""}},"footnotes":""},"class_list":["post-169","page","type-page","status-publish","hentry"],"_hostinger_reach_plugin_has_subscription_block":false,"_hostinger_reach_plugin_is_elementor":false,"uagb_featured_image_src":{"full":false,"thumbnail":false,"medium":false,"medium_large":false,"large":false,"1536x1536":false,"2048x2048":false,"trp-custom-language-flag":false},"uagb_author_info":{"display_name":"marketingdigital@venaoventure.com","author_link":"https:\/\/venao-ventures.com\/es\/author\/marketingdigitalvenaoventure-com\/"},"uagb_comment_info":0,"uagb_excerpt":"Ca\u00f1as del Sol is for those who have already chosen a slower, more intentional way of living. It\u2019s for people [&hellip;]","_links":{"self":[{"href":"https:\/\/venao-ventures.com\/es\/wp-json\/wp\/v2\/pages\/169","targetHints":{"allow":["GET"]}}],"collection":[{"href":"https:\/\/venao-ventures.com\/es\/wp-json\/wp\/v2\/pages"}],"about":[{"href":"https:\/\/venao-ventures.com\/es\/wp-json\/wp\/v2\/types\/page"}],"author":[{"embeddable":true,"href":"https:\/\/venao-ventures.com\/es\/wp-json\/wp\/v2\/users\/1"}],"replies":[{"embeddable":true,"href":"https:\/\/venao-ventures.com\/es\/wp-json\/wp\/v2\/comments?post=169"}],"version-history":[{"count":10,"href":"https:\/\/venao-ventures.com\/es\/wp-json\/wp\/v2\/pages\/169\/revisions"}],"predecessor-version":[{"id":464,"href":"https:\/\/venao-ventures.com\/es\/wp-json\/wp\/v2\/pages\/169\/revisions\/464"}],"wp:attachment":[{"href":"https:\/\/venao-ventures.com\/es\/wp-json\/wp\/v2\/media?parent=169"}],"curies":[{"name":"wp","href":"https:\/\/api.w.org\/{rel}","templated":true}]}}