{"id":343,"date":"2026-02-14T18:56:23","date_gmt":"2026-02-14T23:56:23","guid":{"rendered":"https:\/\/venao-ventures.com\/?page_id=343"},"modified":"2026-03-21T19:40:08","modified_gmt":"2026-03-22T00:40:08","slug":"about-us-2","status":"publish","type":"page","link":"https:\/\/venao-ventures.com\/es\/about-us-2\/","title":{"rendered":"About Us"},"content":{"rendered":"<div class=\"wp-block-group alignfull has-text-color has-background has-link-color wp-elements-f872259eab654c98260c44f3f3a8cf69 is-vertical is-content-justification-stretch is-layout-flex wp-container-core-group-is-layout-22c16509 wp-block-group-is-layout-flex\" style=\"color:#012e40;background-color:#f2e9e4;padding-top:0;padding-bottom:0\">\n\n\n<p class=\"has-text-align-center has-large-font-size\"><strong>Vision<\/strong><\/p>\n\n\n\n<p class=\"has-text-align-center\">Con m\u00e1s de 20 a\u00f1os de experiencia en la zona, hacemos lo que nos apasiona, guiados por la naturaleza, inspirados por la tierra e impulsados \u200b\u200bpor la creencia de que nuestra forma de vida moldea nuestra identidad.<\/p>\n\n\n\n<p class=\"has-text-align-center\">En Venao Ventures, nuestra visi\u00f3n se inspira en la belleza natural de nuestro entorno: las olas, el paisaje y la energ\u00eda que define este lugar. Nos dedicamos a honrar la tierra que habitamos creando espacios donde la naturaleza y el dise\u00f1o se fusionan armoniosamente, combinando arquitectura tropical y moderna para mejorar la calidad de vida de las personas.<\/p>\n\n\n\n<p class=\"has-text-align-center\">Comprendemos las caracter\u00edsticas de cada zona y adaptamos nuestros proyectos en consecuencia. Nuestro enfoque se basa en el bienestar y un estilo de vida activo al aire libre, creando espacios que se integran con su entorno, desde ambientes sociales vibrantes hasta espacios m\u00e1s privados centrados en la reflexi\u00f3n y la conexi\u00f3n con la naturaleza. Cada proyecto est\u00e1 cuidadosamente dise\u00f1ado para ofrecer una forma de vida significativa y un gran potencial de inversi\u00f3n. Nuestra visi\u00f3n es clara: crear lugares donde la comunidad se convierta en familia, donde el bienestar, la naturaleza y el oc\u00e9ano se unan en perfecta armon\u00eda, ofreciendo una forma de vida conectada, equilibrada y profundamente arraigada en su entorno.<\/p>\n\n\n\n<div style=\"height:28px\" aria-hidden=\"true\" class=\"wp-block-spacer wp-container-content-43ce77df\"><\/div>\n\n\n\n<p class=\"has-text-align-center has-large-font-size\"><strong>Sobre nosotros <\/strong><\/p>\n\n\n\n<p class=\"has-text-align-center\">Venao Ventures naci\u00f3 en Playa Venao. Durante m\u00e1s de dos d\u00e9cadas, nuestra trayectoria ha estado guiada por la tierra, el oc\u00e9ano y el estilo de vida \u00fanico que este lugar nos inspira.<\/p>\n\n\n\n<p class=\"has-text-align-center\">Nuestro trabajo se basa en una profunda conexi\u00f3n con la naturaleza y en la convicci\u00f3n de crear espacios donde la comunidad pueda crecer de forma org\u00e1nica. Cada proyecto se moldea por su entorno, uniendo a las personas, el lugar y una forma de vida compartida.<\/p>\n\n\n\n<p class=\"has-text-align-center\">Como promotores inmobiliarios, creamos oportunidades de terrenos y viviendas cuidadosamente dise\u00f1adas, cada una adaptada a diferentes estilos de vida, desde residencias elevadas en laderas hasta comunidades dise\u00f1adas para familias y para vivir a largo plazo.<\/p>\n\n\n\n<p class=\"has-text-align-center\">El respeto por la tierra gu\u00eda nuestra forma de construir. Priorizamos la arquitectura sostenible, integramos materiales innovadores, incorporamos soluciones de energ\u00eda solar y dise\u00f1amos viviendas que armonizan con el clima local. Como parte de nuestro compromiso a largo plazo con la regi\u00f3n, hemos plantado m\u00e1s de 20 000 \u00e1rboles. <\/p>\n\n\n\n<p class=\"has-text-align-center\">M\u00e1s all\u00e1 de nuestros proyectos, mantenemos una estrecha relaci\u00f3n con la comunidad local, apoyando iniciativas educativas y contribuyendo al futuro a largo plazo de Playa Venao y sus alrededores.<\/p>\n\n\n\n<div style=\"height:46px\" aria-hidden=\"true\" class=\"wp-block-spacer wp-container-content-b5f14f7b\"><\/div>\n\n\n\n<div class=\"wp-block-columns is-layout-flex wp-container-core-columns-is-layout-28f84493 wp-block-columns-is-layout-flex\">\n<div class=\"wp-block-column is-layout-flow wp-block-column-is-layout-flow\">\n<p class=\"has-text-align-center has-large-font-size\"><strong>Nuestros fundadores<\/strong><\/p>\n\n\n\n<p class=\"has-text-align-center\">Maya y Elad son los fundadores de Venao Ventures, socios en la vida y en la configuraci\u00f3n de los proyectos que siguen definiendo la zona de Playa Venao y sus alrededores.<\/p>\n\n\n\n<p class=\"has-text-align-center\">Elad was drawn here by his passion for surfing and his deep connection to nature. What began as a personal journey quickly became a long-term vision, rooted in the rhythm of the ocean and the energy of the land. His entrepreneurial mindset and instinct for creating vibrant communities have played a key role in shaping the direction of each project.<\/p>\n\n\n\n<p class=\"has-text-align-center\">Maya lleg\u00f3 guiada por su pasi\u00f3n por el dise\u00f1o y su aprecio por un estilo de vida centrado en la comodidad, la belleza y la intenci\u00f3n. Con una sensibilidad innata para los espacios y la forma en que las personas los experimentan, aporta calidez, creatividad y una visi\u00f3n refinada que se traduce en ambientes donde las personas se sienten a gusto y como en casa. Juntos, crean un equilibrio natural que fusiona naturaleza, dise\u00f1o y estilo de vida en proyectos que reflejan tanto sus valores compartidos como el esp\u00edritu \u00fanico de Playa Venao.<\/p>\n<\/div>\n\n\n\n<div class=\"wp-block-column is-layout-flow wp-block-column-is-layout-flow\">\n<figure class=\"wp-block-image aligncenter size-large\"><img loading=\"lazy\" decoding=\"async\" width=\"683\" height=\"1024\" src=\"https:\/\/venao-ventures.com\/wp-content\/uploads\/2026\/02\/CBCA4E1B-E336-4578-A6E6-203E0C397B7E-683x1024.jpeg\" alt=\"\" class=\"wp-image-210\" style=\"object-fit:cover\" srcset=\"https:\/\/venao-ventures.com\/wp-content\/uploads\/2026\/02\/CBCA4E1B-E336-4578-A6E6-203E0C397B7E-683x1024.jpeg 683w, https:\/\/venao-ventures.com\/wp-content\/uploads\/2026\/02\/CBCA4E1B-E336-4578-A6E6-203E0C397B7E-200x300.jpeg 200w, https:\/\/venao-ventures.com\/wp-content\/uploads\/2026\/02\/CBCA4E1B-E336-4578-A6E6-203E0C397B7E-768x1152.jpeg 768w, https:\/\/venao-ventures.com\/wp-content\/uploads\/2026\/02\/CBCA4E1B-E336-4578-A6E6-203E0C397B7E-1024x1536.jpeg 1024w, https:\/\/venao-ventures.com\/wp-content\/uploads\/2026\/02\/CBCA4E1B-E336-4578-A6E6-203E0C397B7E-1365x2048.jpeg 1365w, https:\/\/venao-ventures.com\/wp-content\/uploads\/2026\/02\/CBCA4E1B-E336-4578-A6E6-203E0C397B7E-8x12.jpeg 8w, https:\/\/venao-ventures.com\/wp-content\/uploads\/2026\/02\/CBCA4E1B-E336-4578-A6E6-203E0C397B7E-scaled.jpeg 1707w\" sizes=\"auto, (max-width: 683px) 100vw, 683px\" \/><\/figure>\n<\/div>\n<\/div>\n<\/div>","protected":false},"excerpt":{"rendered":"<p>Ca\u00f1as del Sol is for those who have already chosen a slower, more intentional way of living. It\u2019s for people [&hellip;]<\/p>","protected":false},"author":1,"featured_media":0,"parent":0,"menu_order":0,"comment_status":"closed","ping_status":"closed","template":"","meta":{"_uag_custom_page_level_css":"","site-sidebar-layout":"default","site-content-layout":"","ast-site-content-layout":"default","site-content-style":"unboxed","site-sidebar-style":"unboxed","ast-global-header-display":"","ast-banner-title-visibility":"","ast-main-header-display":"","ast-hfb-above-header-display":"","ast-hfb-below-header-display":"","ast-hfb-mobile-header-display":"","site-post-title":"disabled","ast-breadcrumbs-content":"","ast-featured-img":"","footer-sml-layout":"","ast-disable-related-posts":"","theme-transparent-header-meta":"","adv-header-id-meta":"","stick-header-meta":"","header-above-stick-meta":"","header-main-stick-meta":"","header-below-stick-meta":"","astra-migrate-meta-layouts":"default","ast-page-background-enabled":"default","ast-page-background-meta":{"desktop":{"background-color":"var(--ast-global-color-5)","background-image":"","background-repeat":"repeat","background-position":"center center","background-size":"auto","background-attachment":"scroll","background-type":"","background-media":"","overlay-type":"","overlay-color":"","overlay-opacity":"","overlay-gradient":""},"tablet":{"background-color":"","background-image":"","background-repeat":"repeat","background-position":"center center","background-size":"auto","background-attachment":"scroll","background-type":"","background-media":"","overlay-type":"","overlay-color":"","overlay-opacity":"","overlay-gradient":""},"mobile":{"background-color":"","background-image":"","background-repeat":"repeat","background-position":"center center","background-size":"auto","background-attachment":"scroll","background-type":"","background-media":"","overlay-type":"","overlay-color":"","overlay-opacity":"","overlay-gradient":""}},"ast-content-background-meta":{"desktop":{"background-color":"var(--ast-global-color-4)","background-image":"","background-repeat":"repeat","background-position":"center center","background-size":"auto","background-attachment":"scroll","background-type":"","background-media":"","overlay-type":"","overlay-color":"","overlay-opacity":"","overlay-gradient":""},"tablet":{"background-color":"var(--ast-global-color-4)","background-image":"","background-repeat":"repeat","background-position":"center center","background-size":"auto","background-attachment":"scroll","background-type":"","background-media":"","overlay-type":"","overlay-color":"","overlay-opacity":"","overlay-gradient":""},"mobile":{"background-color":"var(--ast-global-color-4)","background-image":"","background-repeat":"repeat","background-position":"center center","background-size":"auto","background-attachment":"scroll","background-type":"","background-media":"","overlay-type":"","overlay-color":"","overlay-opacity":"","overlay-gradient":""}},"footnotes":""},"class_list":["post-343","page","type-page","status-publish","hentry"],"_hostinger_reach_plugin_has_subscription_block":false,"_hostinger_reach_plugin_is_elementor":false,"uagb_featured_image_src":{"full":false,"thumbnail":false,"medium":false,"medium_large":false,"large":false,"1536x1536":false,"2048x2048":false,"trp-custom-language-flag":false},"uagb_author_info":{"display_name":"marketingdigital@venaoventure.com","author_link":"https:\/\/venao-ventures.com\/es\/author\/marketingdigitalvenaoventure-com\/"},"uagb_comment_info":0,"uagb_excerpt":"Ca\u00f1as del Sol is for those who have already chosen a slower, more intentional way of living. It\u2019s for people [&hellip;]","_links":{"self":[{"href":"https:\/\/venao-ventures.com\/es\/wp-json\/wp\/v2\/pages\/343","targetHints":{"allow":["GET"]}}],"collection":[{"href":"https:\/\/venao-ventures.com\/es\/wp-json\/wp\/v2\/pages"}],"about":[{"href":"https:\/\/venao-ventures.com\/es\/wp-json\/wp\/v2\/types\/page"}],"author":[{"embeddable":true,"href":"https:\/\/venao-ventures.com\/es\/wp-json\/wp\/v2\/users\/1"}],"replies":[{"embeddable":true,"href":"https:\/\/venao-ventures.com\/es\/wp-json\/wp\/v2\/comments?post=343"}],"version-history":[{"count":6,"href":"https:\/\/venao-ventures.com\/es\/wp-json\/wp\/v2\/pages\/343\/revisions"}],"predecessor-version":[{"id":452,"href":"https:\/\/venao-ventures.com\/es\/wp-json\/wp\/v2\/pages\/343\/revisions\/452"}],"wp:attachment":[{"href":"https:\/\/venao-ventures.com\/es\/wp-json\/wp\/v2\/media?parent=343"}],"curies":[{"name":"wp","href":"https:\/\/api.w.org\/{rel}","templated":true}]}}