{"id":71,"date":"2026-02-14T14:56:36","date_gmt":"2026-02-14T19:56:36","guid":{"rendered":"https:\/\/venao-ventures.com\/?page_id=71"},"modified":"2026-03-21T16:35:32","modified_gmt":"2026-03-21T21:35:32","slug":"serenity-hills","status":"publish","type":"page","link":"https:\/\/venao-ventures.com\/es\/serenity-hills\/","title":{"rendered":"Serenity Hills"},"content":{"rendered":"<div class=\"wp-block-cover alignfull is-light\" style=\"min-height:1000px;aspect-ratio:unset;\"><video class=\"wp-block-cover__video-background intrinsic-ignore\" autoplay muted loop playsinline src=\"https:\/\/venao-ventures.com\/wp-content\/uploads\/2026\/02\/Hero_Serenity_v3.mp4\" data-object-fit=\"cover\"><\/video><span aria-hidden=\"true\" class=\"wp-block-cover__background has-background-dim-0 has-background-dim\" style=\"background-color:#FFF\"><\/span><div class=\"wp-block-cover__inner-container is-layout-constrained wp-container-core-cover-is-layout-a099c240 wp-block-cover-is-layout-constrained\"><\/div><\/div>\n\n\n\n<div class=\"wp-block-group alignfull has-text-color has-background has-link-color wp-elements-7503dc2958deb45b69bcac4efa9e2a21 is-layout-constrained wp-block-group-is-layout-constrained\" style=\"color:#012e40;background-color:#f2e9e4\">\n\n\n\n\n<p class=\"has-text-align-center\">Serenity Hills te invita a reconectar contigo mismo, con tu pareja y con tus hijos en un ambiente tranquilo y acogedor. Ubicado en la cima de una exuberante colina selv\u00e1tica con vistas al oc\u00e9ano, las vistas desde Serenity Hills son impresionantes.<\/p>\n\n\n\n<p class=\"has-text-align-center\">Serenity Hills es una comunidad orientada a la familia y centrada en el bienestar, ubicada en una tranquila ladera con vistas al oc\u00e9ano Pac\u00edfico. Rodeada de exuberante selva y dos arroyos naturales, crea una banda sonora constante de cascadas, monos, ciervos y aves tropicales.<\/p>\n\n\n\n<p class=\"has-text-align-center\">Aqu\u00ed, la vida transcurre a un ritmo m\u00e1s pausado, centrada en el bienestar, la privacidad y una profunda conexi\u00f3n con la naturaleza. Un estilo de vida que se siente a la vez conectado y confortable, sin perder de vista el paisaje circundante.<\/p>\n\n\n\n<p class=\"has-text-align-center\">Si bien el entorno natural preserva la privacidad, la vegetaci\u00f3n y los espacios abiertos, Serenity Hills se encuentra a poca distancia a pie de la escuela internacional y a un corto trayecto en coche del centro de la ciudad, ofreciendo un equilibrio perfecto entre naturaleza y comodidad. Con acceso por carretera, infraestructura completa y lotes listos para construir, dise\u00f1amos Serenity Hills para que construir su hogar en una comunidad familiar cuidadosamente planificada sea una tarea sencilla.<\/p>\n\n\n\n<div style=\"height:28px\" aria-hidden=\"true\" class=\"wp-block-spacer\"><\/div>\n\n\n\n<div class=\"wp-block-columns is-layout-flex wp-container-core-columns-is-layout-28f84493 wp-block-columns-is-layout-flex\">\n<div class=\"wp-block-column is-layout-constrained wp-container-core-column-is-layout-731c369d wp-block-column-is-layout-constrained\">\n<p class=\"has-text-align-center has-large-font-size\"><strong>Ubicaci\u00f3n<\/strong><\/p>\n\n\n\n<p class=\"has-text-align-center\">Serenity Hills se encuentra en las colinas sobre Ca\u00f1as, en la provincia de Los Santos, Panam\u00e1. Podr\u00e1 acceder f\u00e1cilmente a servicios esenciales y disfrutar de actividades como un supermercado, una escuela internacional, tirolesas y cascadas. Playa Venao y Playa Raya est\u00e1n a poca distancia en coche.<\/p>\n<\/div>\n\n\n\n<div class=\"wp-block-column is-layout-flow wp-block-column-is-layout-flow\">\n<figure class=\"wp-block-image aligncenter size-large is-resized\"><img loading=\"lazy\" decoding=\"async\" width=\"1024\" height=\"1024\" src=\"https:\/\/venao-ventures.com\/wp-content\/uploads\/2026\/01\/SH_01-1024x1024.png\" alt=\"\" class=\"wp-image-73\" style=\"object-fit:cover;width:411px;height:auto\" srcset=\"https:\/\/venao-ventures.com\/wp-content\/uploads\/2026\/01\/SH_01-1024x1024.png 1024w, https:\/\/venao-ventures.com\/wp-content\/uploads\/2026\/01\/SH_01-300x300.png 300w, https:\/\/venao-ventures.com\/wp-content\/uploads\/2026\/01\/SH_01-150x150.png 150w, https:\/\/venao-ventures.com\/wp-content\/uploads\/2026\/01\/SH_01-768x768.png 768w, https:\/\/venao-ventures.com\/wp-content\/uploads\/2026\/01\/SH_01-12x12.png 12w, https:\/\/venao-ventures.com\/wp-content\/uploads\/2026\/01\/SH_01.png 1200w\" sizes=\"auto, (max-width: 1024px) 100vw, 1024px\" \/><\/figure>\n<\/div>\n<\/div>\n\n\n\n<div class=\"wp-block-columns is-layout-flex wp-container-core-columns-is-layout-28f84493 wp-block-columns-is-layout-flex\">\n<div class=\"wp-block-column is-layout-constrained wp-container-core-column-is-layout-731c369d wp-block-column-is-layout-constrained\">\n<p class=\"has-text-align-center has-large-font-size\"><strong>Bienvenido a Serenity Hills<\/strong><\/p>\n\n\n\n<p class=\"has-text-align-center\">Serenity Hills te invita a reconectar contigo mismo, con tu pareja y con tus hijos en un ambiente tranquilo y afectuoso que favorece la claridad y la presencia.<\/p>\n<\/div>\n\n\n\n<div class=\"wp-block-column is-layout-flow wp-block-column-is-layout-flow\">\n<div class=\"wp-block-uagb-slider uagb-block-c4b23fdb uagb-slider-container\"><div class=\"uagb-slides uagb-swiper\"><div class=\"swiper-wrapper\">\n<div class=\"wp-block-uagb-slider-child uagb-slider-child-wrap swiper-slide uagb-block-45f75835\"><div class=\"swiper-content\">\n<figure class=\"wp-block-image size-large is-resized\" style=\"margin-right:var(--wp--preset--spacing--70);margin-left:var(--wp--preset--spacing--70)\"><img loading=\"lazy\" decoding=\"async\" width=\"1024\" height=\"1024\" src=\"https:\/\/venao-ventures.com\/wp-content\/uploads\/2026\/02\/WhatsApp-Image-2026-02-14-at-2.17.39-PM-1024x1024.png\" alt=\"\" class=\"wp-image-217\" style=\"width:379px;height:auto\" srcset=\"https:\/\/venao-ventures.com\/wp-content\/uploads\/2026\/02\/WhatsApp-Image-2026-02-14-at-2.17.39-PM-1024x1024.png 1024w, https:\/\/venao-ventures.com\/wp-content\/uploads\/2026\/02\/WhatsApp-Image-2026-02-14-at-2.17.39-PM-300x300.png 300w, https:\/\/venao-ventures.com\/wp-content\/uploads\/2026\/02\/WhatsApp-Image-2026-02-14-at-2.17.39-PM-150x150.png 150w, https:\/\/venao-ventures.com\/wp-content\/uploads\/2026\/02\/WhatsApp-Image-2026-02-14-at-2.17.39-PM-768x768.png 768w, https:\/\/venao-ventures.com\/wp-content\/uploads\/2026\/02\/WhatsApp-Image-2026-02-14-at-2.17.39-PM-12x12.png 12w, https:\/\/venao-ventures.com\/wp-content\/uploads\/2026\/02\/WhatsApp-Image-2026-02-14-at-2.17.39-PM.png 1200w\" sizes=\"auto, (max-width: 1024px) 100vw, 1024px\" \/><\/figure>\n<\/div><\/div>\n\n\n\n<div class=\"wp-block-uagb-slider-child uagb-slider-child-wrap swiper-slide uagb-block-87231e19\"><div class=\"swiper-content\">\n<figure class=\"wp-block-image size-large\" style=\"margin-right:var(--wp--preset--spacing--70);margin-left:var(--wp--preset--spacing--70)\"><img loading=\"lazy\" decoding=\"async\" width=\"1024\" height=\"1024\" src=\"https:\/\/venao-ventures.com\/wp-content\/uploads\/2026\/01\/SH_TS-1024x1024.png\" alt=\"\" class=\"wp-image-77\" srcset=\"https:\/\/venao-ventures.com\/wp-content\/uploads\/2026\/01\/SH_TS-1024x1024.png 1024w, https:\/\/venao-ventures.com\/wp-content\/uploads\/2026\/01\/SH_TS-300x300.png 300w, https:\/\/venao-ventures.com\/wp-content\/uploads\/2026\/01\/SH_TS-150x150.png 150w, https:\/\/venao-ventures.com\/wp-content\/uploads\/2026\/01\/SH_TS-768x768.png 768w, https:\/\/venao-ventures.com\/wp-content\/uploads\/2026\/01\/SH_TS-12x12.png 12w, https:\/\/venao-ventures.com\/wp-content\/uploads\/2026\/01\/SH_TS.png 1200w\" sizes=\"auto, (max-width: 1024px) 100vw, 1024px\" \/><\/figure>\n<\/div><\/div>\n<\/div><\/div><div class=\"swiper-pagination\"><\/div><div class=\"swiper-button-prev\"><\/div><div class=\"swiper-button-next\"><\/div><\/div>\n<\/div>\n<\/div>\n\n\n\n<div class=\"wp-block-columns is-layout-flex wp-container-core-columns-is-layout-28f84493 wp-block-columns-is-layout-flex\">\n<div class=\"wp-block-column is-layout-constrained wp-container-core-column-is-layout-731c369d wp-block-column-is-layout-constrained\">\n<p class=\"has-text-align-center has-large-font-size\"><strong>Espacio para ser. Tiempo para conectar.<\/strong><\/p>\n\n\n\n<p class=\"has-text-align-center\">Serenity Hills te invita a reconectar contigo mismo, con tu pareja y con tus hijos en un ambiente tranquilo y afectuoso que favorece la claridad y la presencia.<\/p>\n<\/div>\n\n\n\n<div class=\"wp-block-column is-layout-flow wp-block-column-is-layout-flow\">\n<figure class=\"wp-block-image aligncenter size-large is-resized\"><img loading=\"lazy\" decoding=\"async\" width=\"1024\" height=\"1024\" src=\"https:\/\/venao-ventures.com\/wp-content\/uploads\/2026\/01\/SH_02-1024x1024.png\" alt=\"\" class=\"wp-image-74\" style=\"object-fit:cover;width:409px;height:auto\" srcset=\"https:\/\/venao-ventures.com\/wp-content\/uploads\/2026\/01\/SH_02-1024x1024.png 1024w, https:\/\/venao-ventures.com\/wp-content\/uploads\/2026\/01\/SH_02-300x300.png 300w, https:\/\/venao-ventures.com\/wp-content\/uploads\/2026\/01\/SH_02-150x150.png 150w, https:\/\/venao-ventures.com\/wp-content\/uploads\/2026\/01\/SH_02-768x768.png 768w, https:\/\/venao-ventures.com\/wp-content\/uploads\/2026\/01\/SH_02-12x12.png 12w, https:\/\/venao-ventures.com\/wp-content\/uploads\/2026\/01\/SH_02.png 1200w\" sizes=\"auto, (max-width: 1024px) 100vw, 1024px\" \/><\/figure>\n<\/div>\n<\/div>\n\n\n\n<div class=\"wp-block-columns is-layout-flex wp-container-core-columns-is-layout-28f84493 wp-block-columns-is-layout-flex\">\n<div class=\"wp-block-column is-layout-constrained wp-container-core-column-is-layout-731c369d wp-block-column-is-layout-constrained\">\n<p class=\"has-text-align-center has-large-font-size\"><strong>Puntos Clave<\/strong><\/p>\n\n\n\n<p class=\"has-text-align-center\"><strong>Ubicaci\u00f3n<br><\/strong>&nbsp;Ca\u00f1as, Provincia de Los Santos<br>&nbsp;Elevada sobre Playa Venao<br>&nbsp;Cerca de la escuela internacional, supermercado y cascadas.<\/p>\n\n\n\n<p class=\"has-text-align-center\"><strong>Vision<br><\/strong>&nbsp;Orientada a la familia<br>&nbsp;Impulsado por el bienestar<\/p>\n\n\n\n<p class=\"has-text-align-center\"><strong>Configuraci\u00f3n<br><\/strong>&nbsp;29 lotes en ladera<br>&nbsp; Vistas al mar y a la monta\u00f1a.<br>&nbsp; Flujo natural de agua a trav\u00e9s de la tierra<br>&nbsp;Open space and privacy<\/p>\n\n\n\n<p class=\"has-text-align-center\"><strong>Infrastructure<br><\/strong>&nbsp;Electricity and water in place<br>&nbsp;Internal roads completed<br>&nbsp;Acceso por carretera<br>&nbsp;Lotes listos para construir<\/p>\n<\/div>\n\n\n\n<div class=\"wp-block-column is-layout-flow wp-block-column-is-layout-flow\" style=\"padding-top:var(--wp--preset--spacing--70);padding-bottom:var(--wp--preset--spacing--70)\">\n<figure class=\"wp-block-image aligncenter size-large is-resized\" style=\"margin-top:var(--wp--preset--spacing--80);margin-bottom:var(--wp--preset--spacing--80)\"><img loading=\"lazy\" decoding=\"async\" width=\"1024\" height=\"1024\" src=\"https:\/\/venao-ventures.com\/wp-content\/uploads\/2026\/01\/SH_03-1024x1024.png\" alt=\"\" class=\"wp-image-75\" style=\"object-fit:cover;width:411px;height:auto\" srcset=\"https:\/\/venao-ventures.com\/wp-content\/uploads\/2026\/01\/SH_03-1024x1024.png 1024w, https:\/\/venao-ventures.com\/wp-content\/uploads\/2026\/01\/SH_03-300x300.png 300w, https:\/\/venao-ventures.com\/wp-content\/uploads\/2026\/01\/SH_03-150x150.png 150w, https:\/\/venao-ventures.com\/wp-content\/uploads\/2026\/01\/SH_03-768x768.png 768w, https:\/\/venao-ventures.com\/wp-content\/uploads\/2026\/01\/SH_03-12x12.png 12w, https:\/\/venao-ventures.com\/wp-content\/uploads\/2026\/01\/SH_03.png 1200w\" sizes=\"auto, (max-width: 1024px) 100vw, 1024px\" \/><\/figure>\n<\/div>\n<\/div>\n<\/div>\n\n\n\n<p><\/p>","protected":false},"excerpt":{"rendered":"<p>Ca\u00f1as del Sol is for those who have already chosen a slower, more intentional way of living. It\u2019s for people [&hellip;]<\/p>","protected":false},"author":1,"featured_media":0,"parent":0,"menu_order":0,"comment_status":"closed","ping_status":"closed","template":"","meta":{"_uag_custom_page_level_css":"","site-sidebar-layout":"default","site-content-layout":"","ast-site-content-layout":"default","site-content-style":"unboxed","site-sidebar-style":"unboxed","ast-global-header-display":"","ast-banner-title-visibility":"","ast-main-header-display":"","ast-hfb-above-header-display":"","ast-hfb-below-header-display":"","ast-hfb-mobile-header-display":"","site-post-title":"disabled","ast-breadcrumbs-content":"","ast-featured-img":"","footer-sml-layout":"","ast-disable-related-posts":"","theme-transparent-header-meta":"","adv-header-id-meta":"","stick-header-meta":"","header-above-stick-meta":"","header-main-stick-meta":"","header-below-stick-meta":"","astra-migrate-meta-layouts":"default","ast-page-background-enabled":"default","ast-page-background-meta":{"desktop":{"background-color":"var(--ast-global-color-5)","background-image":"","background-repeat":"repeat","background-position":"center center","background-size":"auto","background-attachment":"scroll","background-type":"","background-media":"","overlay-type":"","overlay-color":"","overlay-opacity":"","overlay-gradient":""},"tablet":{"background-color":"","background-image":"","background-repeat":"repeat","background-position":"center center","background-size":"auto","background-attachment":"scroll","background-type":"","background-media":"","overlay-type":"","overlay-color":"","overlay-opacity":"","overlay-gradient":""},"mobile":{"background-color":"","background-image":"","background-repeat":"repeat","background-position":"center center","background-size":"auto","background-attachment":"scroll","background-type":"","background-media":"","overlay-type":"","overlay-color":"","overlay-opacity":"","overlay-gradient":""}},"ast-content-background-meta":{"desktop":{"background-color":"var(--ast-global-color-4)","background-image":"","background-repeat":"repeat","background-position":"center center","background-size":"auto","background-attachment":"scroll","background-type":"","background-media":"","overlay-type":"","overlay-color":"","overlay-opacity":"","overlay-gradient":""},"tablet":{"background-color":"var(--ast-global-color-4)","background-image":"","background-repeat":"repeat","background-position":"center center","background-size":"auto","background-attachment":"scroll","background-type":"","background-media":"","overlay-type":"","overlay-color":"","overlay-opacity":"","overlay-gradient":""},"mobile":{"background-color":"var(--ast-global-color-4)","background-image":"","background-repeat":"repeat","background-position":"center center","background-size":"auto","background-attachment":"scroll","background-type":"","background-media":"","overlay-type":"","overlay-color":"","overlay-opacity":"","overlay-gradient":""}},"footnotes":""},"class_list":["post-71","page","type-page","status-publish","hentry"],"_hostinger_reach_plugin_has_subscription_block":false,"_hostinger_reach_plugin_is_elementor":false,"uagb_featured_image_src":{"full":false,"thumbnail":false,"medium":false,"medium_large":false,"large":false,"1536x1536":false,"2048x2048":false,"trp-custom-language-flag":false},"uagb_author_info":{"display_name":"marketingdigital@venaoventure.com","author_link":"https:\/\/venao-ventures.com\/es\/author\/marketingdigitalvenaoventure-com\/"},"uagb_comment_info":0,"uagb_excerpt":"Ca\u00f1as del Sol is for those who have already chosen a slower, more intentional way of living. It\u2019s for people [&hellip;]","_links":{"self":[{"href":"https:\/\/venao-ventures.com\/es\/wp-json\/wp\/v2\/pages\/71","targetHints":{"allow":["GET"]}}],"collection":[{"href":"https:\/\/venao-ventures.com\/es\/wp-json\/wp\/v2\/pages"}],"about":[{"href":"https:\/\/venao-ventures.com\/es\/wp-json\/wp\/v2\/types\/page"}],"author":[{"embeddable":true,"href":"https:\/\/venao-ventures.com\/es\/wp-json\/wp\/v2\/users\/1"}],"replies":[{"embeddable":true,"href":"https:\/\/venao-ventures.com\/es\/wp-json\/wp\/v2\/comments?post=71"}],"version-history":[{"count":18,"href":"https:\/\/venao-ventures.com\/es\/wp-json\/wp\/v2\/pages\/71\/revisions"}],"predecessor-version":[{"id":443,"href":"https:\/\/venao-ventures.com\/es\/wp-json\/wp\/v2\/pages\/71\/revisions\/443"}],"wp:attachment":[{"href":"https:\/\/venao-ventures.com\/es\/wp-json\/wp\/v2\/media?parent=71"}],"curies":[{"name":"wp","href":"https:\/\/api.w.org\/{rel}","templated":true}]}}