{"id":86,"date":"2026-02-14T15:41:42","date_gmt":"2026-02-14T20:41:42","guid":{"rendered":"https:\/\/venao-ventures.com\/?page_id=86"},"modified":"2026-03-21T18:26:09","modified_gmt":"2026-03-21T23:26:09","slug":"mar-valley","status":"publish","type":"page","link":"https:\/\/venao-ventures.com\/es\/mar-valley\/","title":{"rendered":"Mar Valley"},"content":{"rendered":"<div class=\"wp-block-cover alignfull is-light\" style=\"min-height:1000px;aspect-ratio:unset;\"><video class=\"wp-block-cover__video-background intrinsic-ignore\" autoplay muted loop playsinline src=\"https:\/\/venao-ventures.com\/wp-content\/uploads\/2026\/02\/Hero_Marvally_v3.mp4\" data-object-fit=\"cover\"><\/video><span aria-hidden=\"true\" class=\"wp-block-cover__background has-background-dim-0 has-background-dim\" style=\"background-color:#FFF\"><\/span><div class=\"wp-block-cover__inner-container is-layout-constrained wp-container-core-cover-is-layout-a099c240 wp-block-cover-is-layout-constrained\"><\/div><\/div>\n\n\n\n<div class=\"wp-block-group alignfull has-text-color has-background has-link-color wp-elements-a4e2846f1c6d4583ddf6a3f34d896808 is-layout-constrained wp-block-group-is-layout-constrained\" style=\"color:#012e40;background-color:#f2e9e4\">\n\n\n\n\n<p class=\"has-text-align-center\">Mar Valley es ideal para quienes disfrutan del movimiento y buscan crear su propio ritmo. Una comunidad donde el deporte, el bienestar y la naturaleza se fusionan. A poca distancia del oc\u00e9ano y del centro, pero lo suficientemente lejos para disfrutar de privacidad. Es un lugar flexible para vivir, alquilar o ambas cosas, lo que lo convierte en una excelente oportunidad de inversi\u00f3n. <\/p>\n\n\n\n<p class=\"has-text-align-center\">Mar Valley es un refugio selv\u00e1tico en pleno centro de la ciudad. El proyecto busca una armon\u00eda perfecta entre energ\u00eda y tranquilidad, dise\u00f1o y naturaleza. Es ideal para quienes desean despertarse con monos en los \u00e1rboles, surfear al amanecer y disfrutar de un estilo de vida activo al aire libre, con una pista de p\u00e1del a pocos pasos y una futura zona comercial cuidadosamente integrada en la comunidad.<\/p>\n\n\n\n<p class=\"has-text-align-center\">Aqu\u00ed, el hormig\u00f3n minimalista se fusiona con la c\u00e1lida madera. El vidrio se encuentra con la vegetaci\u00f3n. La luz, el aire, los \u00e1rboles y las texturas se mueven en armon\u00eda, creando un ritmo natural.<\/p>\n\n\n\n<div class=\"wp-block-columns is-layout-flex wp-container-core-columns-is-layout-28f84493 wp-block-columns-is-layout-flex\">\n<div class=\"wp-block-column is-layout-constrained wp-container-core-column-is-layout-731c369d wp-block-column-is-layout-constrained\">\n<p class=\"has-text-align-center has-large-font-size\"><strong>Viviendo el ritmo<\/strong><\/p>\n\n\n\n<p class=\"has-text-align-center\">Con una pista de p\u00e1del ya terminada y una zona comercial en construcci\u00f3n, Marvalley sigue ampliando su oferta de estilo de vida a la vez que genera valor a largo plazo.<\/p>\n\n\n\n<p class=\"has-text-align-center\">La primera casa modelo, Casa Valley, da vida a este estilo de vida.<br>&nbsp;Dos dormitorios o tres ba\u00f1os, jardines zen, techos altos y terrazas tropicales. Una casa moderna dise\u00f1ada para adaptarse a tu visi\u00f3n. <\/p>\n\n\n\n<p class=\"has-text-align-center\">Creamos el valle de Mar para personas que desean la libertad de vivir, moverse y marcar su propio ritmo.<\/p>\n<\/div>\n\n\n\n<div class=\"wp-block-column is-layout-flow wp-block-column-is-layout-flow\">\n<figure class=\"wp-block-image aligncenter size-large is-resized\" style=\"margin-top:var(--wp--preset--spacing--80);margin-bottom:var(--wp--preset--spacing--80)\"><img loading=\"lazy\" decoding=\"async\" width=\"1024\" height=\"1024\" src=\"https:\/\/venao-ventures.com\/wp-content\/uploads\/2026\/01\/MV_02-1024x1024.png\" alt=\"\" class=\"wp-image-82\" style=\"object-fit:cover;width:400px;height:400px\" srcset=\"https:\/\/venao-ventures.com\/wp-content\/uploads\/2026\/01\/MV_02-1024x1024.png 1024w, https:\/\/venao-ventures.com\/wp-content\/uploads\/2026\/01\/MV_02-300x300.png 300w, https:\/\/venao-ventures.com\/wp-content\/uploads\/2026\/01\/MV_02-150x150.png 150w, https:\/\/venao-ventures.com\/wp-content\/uploads\/2026\/01\/MV_02-768x768.png 768w, https:\/\/venao-ventures.com\/wp-content\/uploads\/2026\/01\/MV_02-12x12.png 12w, https:\/\/venao-ventures.com\/wp-content\/uploads\/2026\/01\/MV_02.png 1200w\" sizes=\"auto, (max-width: 1024px) 100vw, 1024px\" \/><\/figure>\n<\/div>\n<\/div>\n\n\n\n<div class=\"wp-block-columns is-layout-flex wp-container-core-columns-is-layout-28f84493 wp-block-columns-is-layout-flex\">\n<div class=\"wp-block-column is-layout-constrained wp-container-core-column-is-layout-731c369d wp-block-column-is-layout-constrained\">\n<p class=\"has-text-align-center has-large-font-size\"><strong>Ubicaci\u00f3n<\/strong><\/p>\n\n\n\n<p class=\"has-text-align-center\">Mar Valley se encuentra en Playa Venao, provincia de Los Santos, Panam\u00e1. A tan solo cinco minutos a pie de la playa y del centro del pueblo. Ubicado en medio de la exuberante selva, ofrece un acceso privilegiado al coraz\u00f3n de la acci\u00f3n, pero sin el bullicio. Cerca del mar. Cerca del ritmo. Y lo suficientemente lejos para disfrutar a tu propio ritmo.<\/p>\n<\/div>\n\n\n\n<div class=\"wp-block-column is-layout-flow wp-block-column-is-layout-flow\">\n<figure class=\"wp-block-image aligncenter size-large is-resized\"><img loading=\"lazy\" decoding=\"async\" width=\"1024\" height=\"1024\" src=\"https:\/\/venao-ventures.com\/wp-content\/uploads\/2026\/01\/MV_01-1-1024x1024.png\" alt=\"\" class=\"wp-image-88\" style=\"object-fit:cover;width:400px;height:400px\" srcset=\"https:\/\/venao-ventures.com\/wp-content\/uploads\/2026\/01\/MV_01-1-1024x1024.png 1024w, https:\/\/venao-ventures.com\/wp-content\/uploads\/2026\/01\/MV_01-1-300x300.png 300w, https:\/\/venao-ventures.com\/wp-content\/uploads\/2026\/01\/MV_01-1-150x150.png 150w, https:\/\/venao-ventures.com\/wp-content\/uploads\/2026\/01\/MV_01-1-768x768.png 768w, https:\/\/venao-ventures.com\/wp-content\/uploads\/2026\/01\/MV_01-1-12x12.png 12w, https:\/\/venao-ventures.com\/wp-content\/uploads\/2026\/01\/MV_01-1.png 1200w\" sizes=\"auto, (max-width: 1024px) 100vw, 1024px\" \/><\/figure>\n<\/div>\n<\/div>\n\n\n\n<div class=\"wp-block-columns is-layout-flex wp-container-core-columns-is-layout-28f84493 wp-block-columns-is-layout-flex\">\n<div class=\"wp-block-column is-layout-constrained wp-container-core-column-is-layout-731c369d wp-block-column-is-layout-constrained\">\n<p class=\"has-text-align-center has-large-font-size\"><strong>Bienvenido a Marvalley<\/strong><\/p>\n\n\n\n<p class=\"has-text-align-center\">Un barrio selv\u00e1tico ideal para recorrer a pie, ubicado a solo minutos de la calle principal de Playa Venao.<br>Donde un estilo de vida din\u00e1mico se fusiona con la serenidad tropical.<\/p>\n<\/div>\n\n\n\n<div class=\"wp-block-column is-layout-flow wp-block-column-is-layout-flow\">\n<figure class=\"wp-block-image aligncenter size-large is-resized\"><img loading=\"lazy\" decoding=\"async\" width=\"1024\" height=\"1024\" src=\"https:\/\/venao-ventures.com\/wp-content\/uploads\/2026\/01\/MV_TS-1024x1024.png\" alt=\"\" class=\"wp-image-85\" style=\"object-fit:cover;width:400px;height:400px\" srcset=\"https:\/\/venao-ventures.com\/wp-content\/uploads\/2026\/01\/MV_TS-1024x1024.png 1024w, https:\/\/venao-ventures.com\/wp-content\/uploads\/2026\/01\/MV_TS-300x300.png 300w, https:\/\/venao-ventures.com\/wp-content\/uploads\/2026\/01\/MV_TS-150x150.png 150w, https:\/\/venao-ventures.com\/wp-content\/uploads\/2026\/01\/MV_TS-768x768.png 768w, https:\/\/venao-ventures.com\/wp-content\/uploads\/2026\/01\/MV_TS-12x12.png 12w, https:\/\/venao-ventures.com\/wp-content\/uploads\/2026\/01\/MV_TS.png 1200w\" sizes=\"auto, (max-width: 1024px) 100vw, 1024px\" \/><\/figure>\n<\/div>\n<\/div>\n\n\n\n<div class=\"wp-block-columns is-layout-flex wp-container-core-columns-is-layout-28f84493 wp-block-columns-is-layout-flex\">\n<div class=\"wp-block-column is-layout-constrained wp-container-core-column-is-layout-731c369d wp-block-column-is-layout-constrained\">\n<p><\/p>\n\n\n\n<p><\/p>\n\n\n\n<p class=\"has-text-align-center\">18 casas modernas dise\u00f1adas para vivir bien y recibir invitados con libertad. Creadas con esmero para adaptarse al ritmo de la vida moderna: surf, trabajo, ocio y descanso. Cerca de todo, lejos del ruido. Ubicadas en lotes de 600 m\u00b2, con solo 4 disponibles.<\/p>\n<\/div>\n\n\n\n<div class=\"wp-block-column is-layout-flow wp-block-column-is-layout-flow\">\n<div class=\"wp-block-uagb-slider uagb-block-2226406e uagb-slider-container\"><div class=\"uagb-slides uagb-swiper\"><div class=\"swiper-wrapper\">\n<div class=\"wp-block-uagb-slider-child uagb-slider-child-wrap swiper-slide uagb-block-892d82d6\"><div class=\"swiper-content\">\n<figure class=\"wp-block-image size-large\" style=\"margin-right:var(--wp--preset--spacing--70);margin-left:var(--wp--preset--spacing--70)\"><img loading=\"lazy\" decoding=\"async\" width=\"1024\" height=\"1024\" src=\"https:\/\/venao-ventures.com\/wp-content\/uploads\/2026\/01\/MV_MP-1024x1024.png\" alt=\"\" class=\"wp-image-84\" srcset=\"https:\/\/venao-ventures.com\/wp-content\/uploads\/2026\/01\/MV_MP-1024x1024.png 1024w, https:\/\/venao-ventures.com\/wp-content\/uploads\/2026\/01\/MV_MP-300x300.png 300w, https:\/\/venao-ventures.com\/wp-content\/uploads\/2026\/01\/MV_MP-150x150.png 150w, https:\/\/venao-ventures.com\/wp-content\/uploads\/2026\/01\/MV_MP-768x768.png 768w, https:\/\/venao-ventures.com\/wp-content\/uploads\/2026\/01\/MV_MP-12x12.png 12w, https:\/\/venao-ventures.com\/wp-content\/uploads\/2026\/01\/MV_MP.png 1200w\" sizes=\"auto, (max-width: 1024px) 100vw, 1024px\" \/><\/figure>\n<\/div><\/div>\n\n\n\n<div class=\"wp-block-uagb-slider-child uagb-slider-child-wrap swiper-slide uagb-block-f7806a6b\"><div class=\"swiper-content\">\n<figure class=\"wp-block-image size-large\" style=\"margin-right:var(--wp--preset--spacing--70);margin-left:var(--wp--preset--spacing--70)\"><img loading=\"lazy\" decoding=\"async\" width=\"1024\" height=\"576\" src=\"https:\/\/venao-ventures.com\/wp-content\/uploads\/2026\/01\/TOPVIEW-2-bedrooms-1024x576.png\" alt=\"\" class=\"wp-image-101\" srcset=\"https:\/\/venao-ventures.com\/wp-content\/uploads\/2026\/01\/TOPVIEW-2-bedrooms-1024x576.png 1024w, https:\/\/venao-ventures.com\/wp-content\/uploads\/2026\/01\/TOPVIEW-2-bedrooms-300x169.png 300w, https:\/\/venao-ventures.com\/wp-content\/uploads\/2026\/01\/TOPVIEW-2-bedrooms-768x432.png 768w, https:\/\/venao-ventures.com\/wp-content\/uploads\/2026\/01\/TOPVIEW-2-bedrooms-1536x864.png 1536w, https:\/\/venao-ventures.com\/wp-content\/uploads\/2026\/01\/TOPVIEW-2-bedrooms-2048x1152.png 2048w, https:\/\/venao-ventures.com\/wp-content\/uploads\/2026\/01\/TOPVIEW-2-bedrooms-18x10.png 18w\" sizes=\"auto, (max-width: 1024px) 100vw, 1024px\" \/><\/figure>\n<\/div><\/div>\n\n\n\n<div class=\"wp-block-uagb-slider-child uagb-slider-child-wrap swiper-slide uagb-block-e99d3757\"><div class=\"swiper-content\">\n<figure class=\"wp-block-image size-large\" style=\"margin-right:var(--wp--preset--spacing--70);margin-left:var(--wp--preset--spacing--70)\"><img loading=\"lazy\" decoding=\"async\" width=\"1024\" height=\"576\" src=\"https:\/\/venao-ventures.com\/wp-content\/uploads\/2026\/01\/PASILLO-1024x576.png\" alt=\"\" class=\"wp-image-100\" srcset=\"https:\/\/venao-ventures.com\/wp-content\/uploads\/2026\/01\/PASILLO-1024x576.png 1024w, https:\/\/venao-ventures.com\/wp-content\/uploads\/2026\/01\/PASILLO-300x169.png 300w, https:\/\/venao-ventures.com\/wp-content\/uploads\/2026\/01\/PASILLO-768x432.png 768w, https:\/\/venao-ventures.com\/wp-content\/uploads\/2026\/01\/PASILLO-1536x864.png 1536w, https:\/\/venao-ventures.com\/wp-content\/uploads\/2026\/01\/PASILLO-2048x1152.png 2048w, https:\/\/venao-ventures.com\/wp-content\/uploads\/2026\/01\/PASILLO-18x10.png 18w\" sizes=\"auto, (max-width: 1024px) 100vw, 1024px\" \/><\/figure>\n<\/div><\/div>\n\n\n\n<div class=\"wp-block-uagb-slider-child uagb-slider-child-wrap swiper-slide uagb-block-106fe174\"><div class=\"swiper-content\">\n<figure class=\"wp-block-image size-large\" style=\"margin-right:var(--wp--preset--spacing--70);margin-left:var(--wp--preset--spacing--70)\"><img loading=\"lazy\" decoding=\"async\" width=\"1024\" height=\"576\" src=\"https:\/\/venao-ventures.com\/wp-content\/uploads\/2026\/01\/MASTER-ROOM-1024x576.png\" alt=\"\" class=\"wp-image-99\" srcset=\"https:\/\/venao-ventures.com\/wp-content\/uploads\/2026\/01\/MASTER-ROOM-1024x576.png 1024w, https:\/\/venao-ventures.com\/wp-content\/uploads\/2026\/01\/MASTER-ROOM-300x169.png 300w, https:\/\/venao-ventures.com\/wp-content\/uploads\/2026\/01\/MASTER-ROOM-768x432.png 768w, https:\/\/venao-ventures.com\/wp-content\/uploads\/2026\/01\/MASTER-ROOM-1536x864.png 1536w, https:\/\/venao-ventures.com\/wp-content\/uploads\/2026\/01\/MASTER-ROOM-2048x1152.png 2048w, https:\/\/venao-ventures.com\/wp-content\/uploads\/2026\/01\/MASTER-ROOM-18x10.png 18w\" sizes=\"auto, (max-width: 1024px) 100vw, 1024px\" \/><\/figure>\n<\/div><\/div>\n\n\n\n<div class=\"wp-block-uagb-slider-child uagb-slider-child-wrap swiper-slide uagb-block-2994e19c\"><div class=\"swiper-content\">\n<figure class=\"wp-block-image size-large\" style=\"margin-right:var(--wp--preset--spacing--70);margin-left:var(--wp--preset--spacing--70)\"><img loading=\"lazy\" decoding=\"async\" width=\"1024\" height=\"576\" src=\"https:\/\/venao-ventures.com\/wp-content\/uploads\/2026\/01\/MAIN-BATH-1024x576.png\" alt=\"\" class=\"wp-image-98\" srcset=\"https:\/\/venao-ventures.com\/wp-content\/uploads\/2026\/01\/MAIN-BATH-1024x576.png 1024w, https:\/\/venao-ventures.com\/wp-content\/uploads\/2026\/01\/MAIN-BATH-300x169.png 300w, https:\/\/venao-ventures.com\/wp-content\/uploads\/2026\/01\/MAIN-BATH-768x432.png 768w, https:\/\/venao-ventures.com\/wp-content\/uploads\/2026\/01\/MAIN-BATH-1536x864.png 1536w, https:\/\/venao-ventures.com\/wp-content\/uploads\/2026\/01\/MAIN-BATH-2048x1152.png 2048w, https:\/\/venao-ventures.com\/wp-content\/uploads\/2026\/01\/MAIN-BATH-18x10.png 18w\" sizes=\"auto, (max-width: 1024px) 100vw, 1024px\" \/><\/figure>\n<\/div><\/div>\n\n\n\n<div class=\"wp-block-uagb-slider-child uagb-slider-child-wrap swiper-slide uagb-block-ddcba2ae\"><div class=\"swiper-content\">\n<figure class=\"wp-block-image size-large\" style=\"margin-right:var(--wp--preset--spacing--70);margin-left:var(--wp--preset--spacing--70)\"><img loading=\"lazy\" decoding=\"async\" width=\"1024\" height=\"576\" src=\"https:\/\/venao-ventures.com\/wp-content\/uploads\/2026\/01\/MAIN-BATH-2-1024x576.png\" alt=\"\" class=\"wp-image-97\" srcset=\"https:\/\/venao-ventures.com\/wp-content\/uploads\/2026\/01\/MAIN-BATH-2-1024x576.png 1024w, https:\/\/venao-ventures.com\/wp-content\/uploads\/2026\/01\/MAIN-BATH-2-300x169.png 300w, https:\/\/venao-ventures.com\/wp-content\/uploads\/2026\/01\/MAIN-BATH-2-768x432.png 768w, https:\/\/venao-ventures.com\/wp-content\/uploads\/2026\/01\/MAIN-BATH-2-1536x864.png 1536w, https:\/\/venao-ventures.com\/wp-content\/uploads\/2026\/01\/MAIN-BATH-2-2048x1152.png 2048w, https:\/\/venao-ventures.com\/wp-content\/uploads\/2026\/01\/MAIN-BATH-2-18x10.png 18w\" sizes=\"auto, (max-width: 1024px) 100vw, 1024px\" \/><\/figure>\n<\/div><\/div>\n\n\n\n<div class=\"wp-block-uagb-slider-child uagb-slider-child-wrap swiper-slide uagb-block-04425942\"><div class=\"swiper-content\">\n<figure class=\"wp-block-image size-large\" style=\"margin-right:var(--wp--preset--spacing--70);margin-left:var(--wp--preset--spacing--70)\"><img loading=\"lazy\" decoding=\"async\" width=\"1024\" height=\"576\" src=\"https:\/\/venao-ventures.com\/wp-content\/uploads\/2026\/01\/GENERAL-VIEW-1024x576.png\" alt=\"\" class=\"wp-image-96\" srcset=\"https:\/\/venao-ventures.com\/wp-content\/uploads\/2026\/01\/GENERAL-VIEW-1024x576.png 1024w, https:\/\/venao-ventures.com\/wp-content\/uploads\/2026\/01\/GENERAL-VIEW-300x169.png 300w, https:\/\/venao-ventures.com\/wp-content\/uploads\/2026\/01\/GENERAL-VIEW-768x432.png 768w, https:\/\/venao-ventures.com\/wp-content\/uploads\/2026\/01\/GENERAL-VIEW-1536x864.png 1536w, https:\/\/venao-ventures.com\/wp-content\/uploads\/2026\/01\/GENERAL-VIEW-2048x1152.png 2048w, https:\/\/venao-ventures.com\/wp-content\/uploads\/2026\/01\/GENERAL-VIEW-18x10.png 18w\" sizes=\"auto, (max-width: 1024px) 100vw, 1024px\" \/><\/figure>\n<\/div><\/div>\n\n\n\n<div class=\"wp-block-uagb-slider-child uagb-slider-child-wrap swiper-slide uagb-block-157ece20\"><div class=\"swiper-content\">\n<figure class=\"wp-block-image alignwide size-large\" style=\"margin-right:var(--wp--preset--spacing--70);margin-left:var(--wp--preset--spacing--70)\"><img loading=\"lazy\" decoding=\"async\" width=\"1024\" height=\"576\" src=\"https:\/\/venao-ventures.com\/wp-content\/uploads\/2026\/01\/COCINA-ENTRADA-1024x576.png\" alt=\"\" class=\"wp-image-94\" srcset=\"https:\/\/venao-ventures.com\/wp-content\/uploads\/2026\/01\/COCINA-ENTRADA-1024x576.png 1024w, https:\/\/venao-ventures.com\/wp-content\/uploads\/2026\/01\/COCINA-ENTRADA-300x169.png 300w, https:\/\/venao-ventures.com\/wp-content\/uploads\/2026\/01\/COCINA-ENTRADA-768x432.png 768w, https:\/\/venao-ventures.com\/wp-content\/uploads\/2026\/01\/COCINA-ENTRADA-1536x864.png 1536w, https:\/\/venao-ventures.com\/wp-content\/uploads\/2026\/01\/COCINA-ENTRADA-2048x1152.png 2048w, https:\/\/venao-ventures.com\/wp-content\/uploads\/2026\/01\/COCINA-ENTRADA-18x10.png 18w\" sizes=\"auto, (max-width: 1024px) 100vw, 1024px\" \/><\/figure>\n<\/div><\/div>\n<\/div><\/div><div class=\"swiper-pagination\"><\/div><div class=\"swiper-button-prev\"><\/div><div class=\"swiper-button-next\"><\/div><\/div>\n<\/div>\n<\/div>\n\n\n\n<div class=\"wp-block-columns is-layout-flex wp-container-core-columns-is-layout-28f84493 wp-block-columns-is-layout-flex\">\n<div class=\"wp-block-column is-layout-flow wp-block-column-is-layout-flow\">\n<p class=\"has-text-align-center has-large-font-size\"><strong>Render<\/strong><\/p>\n<\/div>\n\n\n\n<div class=\"wp-block-column is-layout-flow wp-block-column-is-layout-flow\">\n<figure style=\"padding-right:var(--wp--preset--spacing--80);padding-left:var(--wp--preset--spacing--80)\" class=\"wp-block-video\"><video height=\"544\" style=\"aspect-ratio: 960 \/ 544;\" width=\"960\" autoplay controls muted src=\"https:\/\/venao-ventures.com\/wp-content\/uploads\/2026\/02\/7230963158943768685.mov\" playsinline><\/video><\/figure>\n<\/div>\n<\/div>\n\n\n\n<div class=\"wp-block-columns is-layout-flex wp-container-core-columns-is-layout-28f84493 wp-block-columns-is-layout-flex\">\n<div class=\"wp-block-column is-layout-flow wp-block-column-is-layout-flow\">\n<p class=\"has-text-align-center has-large-font-size\"><strong>Puntos Clave<\/strong><\/p>\n\n\n\n<p class=\"has-text-align-center\"><strong>Ubicaci\u00f3n<br><\/strong>\u00a0Playa Venao, Provincia de Los Santos<br>\u00a0 A 5 minutos a pie de la playa y del centro del pueblo.<br>\u00a0Entorno selv\u00e1tico en el coraz\u00f3n de la ciudad.<br>\u00a0Cerca de todo. Lejos del ruido.<br>\u00a0 Pista de p\u00e1del terminada<br>\u00a0 \u00c1rea comercial en construcci\u00f3n<\/p>\n\n\n\n<p class=\"has-text-align-center\"><strong>Concepto<br><\/strong>\u00a0 Dise\u00f1ado para lograr una perfecta armon\u00eda entre energ\u00eda y comodidad, en plena naturaleza.<br>\u00a0 A vibrant rhythm wrapped in tropical serenity<br>\u00a0Dise\u00f1o vanguardista para vivir en un barrio donde se puede ir andando a todas partes.<br>\u00a0Bienestar, comunidad y naturaleza.<\/p>\n\n\n\n<p class=\"has-text-align-center\"><strong>Estilo de vida<br><\/strong>\u00a0 Despierta con monos y naturaleza.<br>\u00a0 Estilo de vida activo.<\/p>\n\n\n\n<p class=\"has-text-align-center\"><strong>Casas<br><\/strong>\u00a018 residencias con dise\u00f1o moderno<br>\u00a0 Casa modelo Casa Valley<br>\u00a0 2 dormitorios | 3 ba\u00f1os<br>\u00a0 Jardines zen y terrazas tropicales<br>\u00a0 Techos altos, hormig\u00f3n y madera c\u00e1lida.<br>\u00a0Vive en ella. Alquilala. O ambas cosas.<\/p>\n\n\n\n<p class=\"has-text-align-center\"><strong>Inversi\u00f3n<br><\/strong>\u00a0 Uso flexible: residencia del propietario, alojamiento o uso h\u00edbrido.<br>\u00a0 Dise\u00f1o bien pensado. Gran valor a largo plazo.<br> Lotes de 600 m\u00b2 | 4 a\u00fan disponibles<br>\u00a0Visi\u00f3n de infraestructura a largo plazo<\/p>\n<\/div>\n\n\n\n<div class=\"wp-block-column is-layout-flow wp-block-column-is-layout-flow\" style=\"padding-top:var(--wp--preset--spacing--80);padding-bottom:var(--wp--preset--spacing--80)\">\n<figure class=\"wp-block-image aligncenter size-large is-resized\" style=\"margin-top:var(--wp--preset--spacing--80);margin-bottom:var(--wp--preset--spacing--80)\"><img loading=\"lazy\" decoding=\"async\" width=\"1024\" height=\"1024\" src=\"https:\/\/venao-ventures.com\/wp-content\/uploads\/2026\/01\/MV_03-1024x1024.png\" alt=\"\" class=\"wp-image-83\" style=\"object-fit:cover;width:400px;height:400px\" srcset=\"https:\/\/venao-ventures.com\/wp-content\/uploads\/2026\/01\/MV_03-1024x1024.png 1024w, https:\/\/venao-ventures.com\/wp-content\/uploads\/2026\/01\/MV_03-300x300.png 300w, https:\/\/venao-ventures.com\/wp-content\/uploads\/2026\/01\/MV_03-150x150.png 150w, https:\/\/venao-ventures.com\/wp-content\/uploads\/2026\/01\/MV_03-768x768.png 768w, https:\/\/venao-ventures.com\/wp-content\/uploads\/2026\/01\/MV_03-12x12.png 12w, https:\/\/venao-ventures.com\/wp-content\/uploads\/2026\/01\/MV_03.png 1200w\" sizes=\"auto, (max-width: 1024px) 100vw, 1024px\" \/><\/figure>\n<\/div>\n<\/div>\n<\/div>\n\n\n\n<p><\/p>","protected":false},"excerpt":{"rendered":"<p>Ca\u00f1as del Sol is for those who have already chosen a slower, more intentional way of living. It\u2019s for people [&hellip;]<\/p>","protected":false},"author":1,"featured_media":0,"parent":0,"menu_order":0,"comment_status":"closed","ping_status":"closed","template":"","meta":{"_uag_custom_page_level_css":"","site-sidebar-layout":"default","site-content-layout":"","ast-site-content-layout":"default","site-content-style":"unboxed","site-sidebar-style":"unboxed","ast-global-header-display":"","ast-banner-title-visibility":"","ast-main-header-display":"","ast-hfb-above-header-display":"","ast-hfb-below-header-display":"","ast-hfb-mobile-header-display":"","site-post-title":"disabled","ast-breadcrumbs-content":"","ast-featured-img":"","footer-sml-layout":"","ast-disable-related-posts":"","theme-transparent-header-meta":"","adv-header-id-meta":"","stick-header-meta":"","header-above-stick-meta":"","header-main-stick-meta":"","header-below-stick-meta":"","astra-migrate-meta-layouts":"default","ast-page-background-enabled":"default","ast-page-background-meta":{"desktop":{"background-color":"var(--ast-global-color-5)","background-image":"","background-repeat":"repeat","background-position":"center center","background-size":"auto","background-attachment":"scroll","background-type":"","background-media":"","overlay-type":"","overlay-color":"","overlay-opacity":"","overlay-gradient":""},"tablet":{"background-color":"","background-image":"","background-repeat":"repeat","background-position":"center center","background-size":"auto","background-attachment":"scroll","background-type":"","background-media":"","overlay-type":"","overlay-color":"","overlay-opacity":"","overlay-gradient":""},"mobile":{"background-color":"","background-image":"","background-repeat":"repeat","background-position":"center center","background-size":"auto","background-attachment":"scroll","background-type":"","background-media":"","overlay-type":"","overlay-color":"","overlay-opacity":"","overlay-gradient":""}},"ast-content-background-meta":{"desktop":{"background-color":"var(--ast-global-color-4)","background-image":"","background-repeat":"repeat","background-position":"center center","background-size":"auto","background-attachment":"scroll","background-type":"","background-media":"","overlay-type":"","overlay-color":"","overlay-opacity":"","overlay-gradient":""},"tablet":{"background-color":"var(--ast-global-color-4)","background-image":"","background-repeat":"repeat","background-position":"center center","background-size":"auto","background-attachment":"scroll","background-type":"","background-media":"","overlay-type":"","overlay-color":"","overlay-opacity":"","overlay-gradient":""},"mobile":{"background-color":"var(--ast-global-color-4)","background-image":"","background-repeat":"repeat","background-position":"center center","background-size":"auto","background-attachment":"scroll","background-type":"","background-media":"","overlay-type":"","overlay-color":"","overlay-opacity":"","overlay-gradient":""}},"footnotes":""},"class_list":["post-86","page","type-page","status-publish","hentry"],"_hostinger_reach_plugin_has_subscription_block":false,"_hostinger_reach_plugin_is_elementor":false,"uagb_featured_image_src":{"full":false,"thumbnail":false,"medium":false,"medium_large":false,"large":false,"1536x1536":false,"2048x2048":false,"trp-custom-language-flag":false},"uagb_author_info":{"display_name":"marketingdigital@venaoventure.com","author_link":"https:\/\/venao-ventures.com\/es\/author\/marketingdigitalvenaoventure-com\/"},"uagb_comment_info":0,"uagb_excerpt":"Ca\u00f1as del Sol is for those who have already chosen a slower, more intentional way of living. It\u2019s for people [&hellip;]","_links":{"self":[{"href":"https:\/\/venao-ventures.com\/es\/wp-json\/wp\/v2\/pages\/86","targetHints":{"allow":["GET"]}}],"collection":[{"href":"https:\/\/venao-ventures.com\/es\/wp-json\/wp\/v2\/pages"}],"about":[{"href":"https:\/\/venao-ventures.com\/es\/wp-json\/wp\/v2\/types\/page"}],"author":[{"embeddable":true,"href":"https:\/\/venao-ventures.com\/es\/wp-json\/wp\/v2\/users\/1"}],"replies":[{"embeddable":true,"href":"https:\/\/venao-ventures.com\/es\/wp-json\/wp\/v2\/comments?post=86"}],"version-history":[{"count":20,"href":"https:\/\/venao-ventures.com\/es\/wp-json\/wp\/v2\/pages\/86\/revisions"}],"predecessor-version":[{"id":447,"href":"https:\/\/venao-ventures.com\/es\/wp-json\/wp\/v2\/pages\/86\/revisions\/447"}],"wp:attachment":[{"href":"https:\/\/venao-ventures.com\/es\/wp-json\/wp\/v2\/media?parent=86"}],"curies":[{"name":"wp","href":"https:\/\/api.w.org\/{rel}","templated":true}]}}